{"id":1245,"date":"2023-03-06T16:00:15","date_gmt":"2023-03-06T16:00:15","guid":{"rendered":"https:\/\/ecolebiodanzamanosque.com\/?page_id=1245"},"modified":"2025-07-12T17:50:56","modified_gmt":"2025-07-12T17:50:56","slug":"biodanza-aquatique-forcalquier","status":"publish","type":"page","link":"https:\/\/ecolebiodanzamanosque.com\/index.php\/biodanza-aquatique-forcalquier\/","title":{"rendered":"Biodanza Aquatique"},"content":{"rendered":"\n<div class=\"wp-block-buttons is-layout-flex wp-block-buttons-is-layout-flex\">\n<div class=\"wp-block-button\"><a class=\"wp-block-button__link wp-element-button\">Informations sur la prochaine date \u00e0 venir <\/a><\/div>\n<\/div>\n\n\n\n<p class=\"has-text-align-center\">Stage de Biodanza Aquatique \u00e0 Forcalquier<\/p>\n\n\n\n<div class=\"wp-block-columns is-layout-flex wp-container-core-columns-is-layout-9d6595d7 wp-block-columns-is-layout-flex\">\n<div class=\"wp-block-column is-layout-flow wp-block-column-is-layout-flow\">\n<div class=\"wp-block-buttons is-layout-flex wp-block-buttons-is-layout-flex\">\n<div class=\"wp-block-button has-custom-width wp-block-button__width-75 has-custom-font-size is-style-outline has-small-font-size is-style-outline--1\"><a class=\"wp-block-button__link has-background wp-element-button\" href=\"https:\/\/ecolebiodanzamanosque.com\/wp-content\/uploads\/2024\/06\/Details-pratiques-Biodanza-Aquatique-juillet-2024.pdf\" style=\"background-color:#9bda95d9\" target=\"_blank\" rel=\"noreferrer noopener\">D\u00e9tails pratiques et bulletin d&rsquo;inscription<\/a><\/div>\n<\/div>\n<\/div>\n\n\n\n<div class=\"wp-block-column is-layout-flow wp-block-column-is-layout-flow\">\n<div class=\"wp-block-buttons is-layout-flex wp-block-buttons-is-layout-flex\">\n<div class=\"wp-block-button has-custom-width wp-block-button__width-75 has-custom-font-size is-style-outline has-small-font-size is-style-outline--2\"><a class=\"wp-block-button__link has-background wp-element-button\" href=\"https:\/\/ecolebiodanzamanosque.com\/index.php\/contactez-nous\/\" style=\"background-color:#9bda95d9\">Contactez-nous pour plus d&rsquo;information<\/a><\/div>\n<\/div>\n<\/div>\n<\/div>\n\n\n\n<figure class=\"wp-block-image size-large\"><img fetchpriority=\"high\" decoding=\"async\" width=\"724\" height=\"1024\" src=\"https:\/\/ecolebiodanzamanosque.com\/wp-content\/uploads\/2024\/04\/Annonce-Bd-Aquatique-juillet-2024-site-724x1024.jpg\" alt=\"\" class=\"wp-image-2128\" srcset=\"https:\/\/ecolebiodanzamanosque.com\/wp-content\/uploads\/2024\/04\/Annonce-Bd-Aquatique-juillet-2024-site-724x1024.jpg 724w, https:\/\/ecolebiodanzamanosque.com\/wp-content\/uploads\/2024\/04\/Annonce-Bd-Aquatique-juillet-2024-site-212x300.jpg 212w, https:\/\/ecolebiodanzamanosque.com\/wp-content\/uploads\/2024\/04\/Annonce-Bd-Aquatique-juillet-2024-site-768x1086.jpg 768w, https:\/\/ecolebiodanzamanosque.com\/wp-content\/uploads\/2024\/04\/Annonce-Bd-Aquatique-juillet-2024-site.jpg 794w\" sizes=\"(max-width: 724px) 100vw, 724px\" \/><\/figure>\n","protected":false},"excerpt":{"rendered":"<p>Stage de Biodanza Aquatique \u00e0 Forcalquier<\/p>\n","protected":false},"author":1,"featured_media":0,"parent":0,"menu_order":0,"comment_status":"closed","ping_status":"closed","template":"","meta":{"_eb_attr":"","footnotes":""},"class_list":["post-1245","page","type-page","status-publish","hentry"],"yoast_head":"<!-- This site is optimized with the Yoast SEO plugin v26.6 - https:\/\/yoast.com\/wordpress\/plugins\/seo\/ -->\n<title>Biodanza Aquatique avec Laurence Wulkan \u00e0 Forcalquier<\/title>\n<meta name=\"description\" content=\"Promotion du stage de Biodanza Aquatique anim\u00e9 par Laurence Wulkan les 29 et 30 avril 2023 \u00e0 Forcalquier au centre la Voie de l&#039;Eau.\" \/>\n<meta name=\"robots\" content=\"index, follow, max-snippet:-1, max-image-preview:large, max-video-preview:-1\" \/>\n<link rel=\"canonical\" href=\"https:\/\/ecolebiodanzamanosque.com\/index.php\/biodanza-aquatique-forcalquier\/\" \/>\n<meta property=\"og:locale\" content=\"fr_FR\" \/>\n<meta property=\"og:type\" content=\"article\" \/>\n<meta property=\"og:title\" content=\"Biodanza Aquatique avec Laurence Wulkan \u00e0 Forcalquier\" \/>\n<meta property=\"og:description\" content=\"Promotion du stage de Biodanza Aquatique anim\u00e9 par Laurence Wulkan les 29 et 30 avril 2023 \u00e0 Forcalquier au centre la Voie de l&#039;Eau.\" \/>\n<meta property=\"og:url\" content=\"https:\/\/ecolebiodanzamanosque.com\/index.php\/biodanza-aquatique-forcalquier\/\" \/>\n<meta property=\"og:site_name\" content=\"Ecole de Biodanza de Manosque\" \/>\n<meta property=\"article:modified_time\" content=\"2025-07-12T17:50:56+00:00\" \/>\n<meta property=\"og:image\" content=\"https:\/\/ecolebiodanzamanosque.com\/wp-content\/uploads\/2024\/04\/Annonce-Bd-Aquatique-juillet-2024-site-724x1024.jpg\" \/>\n<meta name=\"twitter:card\" content=\"summary_large_image\" \/>\n<meta name=\"twitter:label1\" content=\"Dur\u00e9e de lecture estim\u00e9e\" \/>\n\t<meta name=\"twitter:data1\" content=\"1 minute\" \/>\n<script type=\"application\/ld+json\" class=\"yoast-schema-graph\">{\"@context\":\"https:\/\/schema.org\",\"@graph\":[{\"@type\":\"WebPage\",\"@id\":\"https:\/\/ecolebiodanzamanosque.com\/index.php\/biodanza-aquatique-forcalquier\/\",\"url\":\"https:\/\/ecolebiodanzamanosque.com\/index.php\/biodanza-aquatique-forcalquier\/\",\"name\":\"Biodanza Aquatique avec Laurence Wulkan \u00e0 Forcalquier\",\"isPartOf\":{\"@id\":\"https:\/\/ecolebiodanzamanosque.com\/#website\"},\"primaryImageOfPage\":{\"@id\":\"https:\/\/ecolebiodanzamanosque.com\/index.php\/biodanza-aquatique-forcalquier\/#primaryimage\"},\"image\":{\"@id\":\"https:\/\/ecolebiodanzamanosque.com\/index.php\/biodanza-aquatique-forcalquier\/#primaryimage\"},\"thumbnailUrl\":\"https:\/\/ecolebiodanzamanosque.com\/wp-content\/uploads\/2024\/04\/Annonce-Bd-Aquatique-juillet-2024-site-724x1024.jpg\",\"datePublished\":\"2023-03-06T16:00:15+00:00\",\"dateModified\":\"2025-07-12T17:50:56+00:00\",\"description\":\"Promotion du stage de Biodanza Aquatique anim\u00e9 par Laurence Wulkan les 29 et 30 avril 2023 \u00e0 Forcalquier au centre la Voie de l'Eau.\",\"breadcrumb\":{\"@id\":\"https:\/\/ecolebiodanzamanosque.com\/index.php\/biodanza-aquatique-forcalquier\/#breadcrumb\"},\"inLanguage\":\"fr-FR\",\"potentialAction\":[{\"@type\":\"ReadAction\",\"target\":[\"https:\/\/ecolebiodanzamanosque.com\/index.php\/biodanza-aquatique-forcalquier\/\"]}]},{\"@type\":\"ImageObject\",\"inLanguage\":\"fr-FR\",\"@id\":\"https:\/\/ecolebiodanzamanosque.com\/index.php\/biodanza-aquatique-forcalquier\/#primaryimage\",\"url\":\"https:\/\/ecolebiodanzamanosque.com\/wp-content\/uploads\/2024\/04\/Annonce-Bd-Aquatique-juillet-2024-site.jpg\",\"contentUrl\":\"https:\/\/ecolebiodanzamanosque.com\/wp-content\/uploads\/2024\/04\/Annonce-Bd-Aquatique-juillet-2024-site.jpg\",\"width\":794,\"height\":1123},{\"@type\":\"BreadcrumbList\",\"@id\":\"https:\/\/ecolebiodanzamanosque.com\/index.php\/biodanza-aquatique-forcalquier\/#breadcrumb\",\"itemListElement\":[{\"@type\":\"ListItem\",\"position\":1,\"name\":\"Accueil\",\"item\":\"https:\/\/ecolebiodanzamanosque.com\/\"},{\"@type\":\"ListItem\",\"position\":2,\"name\":\"Biodanza Aquatique\"}]},{\"@type\":\"WebSite\",\"@id\":\"https:\/\/ecolebiodanzamanosque.com\/#website\",\"url\":\"https:\/\/ecolebiodanzamanosque.com\/\",\"name\":\"EcoleBiodanzaManosque\",\"description\":\"Formation de facilitateurs et de facilitatrices\",\"publisher\":{\"@id\":\"https:\/\/ecolebiodanzamanosque.com\/#organization\"},\"potentialAction\":[{\"@type\":\"SearchAction\",\"target\":{\"@type\":\"EntryPoint\",\"urlTemplate\":\"https:\/\/ecolebiodanzamanosque.com\/?s={search_term_string}\"},\"query-input\":{\"@type\":\"PropertyValueSpecification\",\"valueRequired\":true,\"valueName\":\"search_term_string\"}}],\"inLanguage\":\"fr-FR\"},{\"@type\":\"Organization\",\"@id\":\"https:\/\/ecolebiodanzamanosque.com\/#organization\",\"name\":\"EcoleBiodanzaManosque\",\"url\":\"https:\/\/ecolebiodanzamanosque.com\/\",\"logo\":{\"@type\":\"ImageObject\",\"inLanguage\":\"fr-FR\",\"@id\":\"https:\/\/ecolebiodanzamanosque.com\/#\/schema\/logo\/image\/\",\"url\":\"https:\/\/ecolebiodanzamanosque.com\/wp-content\/uploads\/2023\/03\/logo-biodanza-vert2-MODIF.png\",\"contentUrl\":\"https:\/\/ecolebiodanzamanosque.com\/wp-content\/uploads\/2023\/03\/logo-biodanza-vert2-MODIF.png\",\"width\":1110,\"height\":1106,\"caption\":\"EcoleBiodanzaManosque\"},\"image\":{\"@id\":\"https:\/\/ecolebiodanzamanosque.com\/#\/schema\/logo\/image\/\"}}]}<\/script>\n<!-- \/ Yoast SEO plugin. -->","yoast_head_json":{"title":"Biodanza Aquatique avec Laurence Wulkan \u00e0 Forcalquier","description":"Promotion du stage de Biodanza Aquatique anim\u00e9 par Laurence Wulkan les 29 et 30 avril 2023 \u00e0 Forcalquier au centre la Voie de l'Eau.","robots":{"index":"index","follow":"follow","max-snippet":"max-snippet:-1","max-image-preview":"max-image-preview:large","max-video-preview":"max-video-preview:-1"},"canonical":"https:\/\/ecolebiodanzamanosque.com\/index.php\/biodanza-aquatique-forcalquier\/","og_locale":"fr_FR","og_type":"article","og_title":"Biodanza Aquatique avec Laurence Wulkan \u00e0 Forcalquier","og_description":"Promotion du stage de Biodanza Aquatique anim\u00e9 par Laurence Wulkan les 29 et 30 avril 2023 \u00e0 Forcalquier au centre la Voie de l'Eau.","og_url":"https:\/\/ecolebiodanzamanosque.com\/index.php\/biodanza-aquatique-forcalquier\/","og_site_name":"Ecole de Biodanza de Manosque","article_modified_time":"2025-07-12T17:50:56+00:00","og_image":[{"url":"https:\/\/ecolebiodanzamanosque.com\/wp-content\/uploads\/2024\/04\/Annonce-Bd-Aquatique-juillet-2024-site-724x1024.jpg","type":"","width":"","height":""}],"twitter_card":"summary_large_image","twitter_misc":{"Dur\u00e9e de lecture estim\u00e9e":"1 minute"},"schema":{"@context":"https:\/\/schema.org","@graph":[{"@type":"WebPage","@id":"https:\/\/ecolebiodanzamanosque.com\/index.php\/biodanza-aquatique-forcalquier\/","url":"https:\/\/ecolebiodanzamanosque.com\/index.php\/biodanza-aquatique-forcalquier\/","name":"Biodanza Aquatique avec Laurence Wulkan \u00e0 Forcalquier","isPartOf":{"@id":"https:\/\/ecolebiodanzamanosque.com\/#website"},"primaryImageOfPage":{"@id":"https:\/\/ecolebiodanzamanosque.com\/index.php\/biodanza-aquatique-forcalquier\/#primaryimage"},"image":{"@id":"https:\/\/ecolebiodanzamanosque.com\/index.php\/biodanza-aquatique-forcalquier\/#primaryimage"},"thumbnailUrl":"https:\/\/ecolebiodanzamanosque.com\/wp-content\/uploads\/2024\/04\/Annonce-Bd-Aquatique-juillet-2024-site-724x1024.jpg","datePublished":"2023-03-06T16:00:15+00:00","dateModified":"2025-07-12T17:50:56+00:00","description":"Promotion du stage de Biodanza Aquatique anim\u00e9 par Laurence Wulkan les 29 et 30 avril 2023 \u00e0 Forcalquier au centre la Voie de l'Eau.","breadcrumb":{"@id":"https:\/\/ecolebiodanzamanosque.com\/index.php\/biodanza-aquatique-forcalquier\/#breadcrumb"},"inLanguage":"fr-FR","potentialAction":[{"@type":"ReadAction","target":["https:\/\/ecolebiodanzamanosque.com\/index.php\/biodanza-aquatique-forcalquier\/"]}]},{"@type":"ImageObject","inLanguage":"fr-FR","@id":"https:\/\/ecolebiodanzamanosque.com\/index.php\/biodanza-aquatique-forcalquier\/#primaryimage","url":"https:\/\/ecolebiodanzamanosque.com\/wp-content\/uploads\/2024\/04\/Annonce-Bd-Aquatique-juillet-2024-site.jpg","contentUrl":"https:\/\/ecolebiodanzamanosque.com\/wp-content\/uploads\/2024\/04\/Annonce-Bd-Aquatique-juillet-2024-site.jpg","width":794,"height":1123},{"@type":"BreadcrumbList","@id":"https:\/\/ecolebiodanzamanosque.com\/index.php\/biodanza-aquatique-forcalquier\/#breadcrumb","itemListElement":[{"@type":"ListItem","position":1,"name":"Accueil","item":"https:\/\/ecolebiodanzamanosque.com\/"},{"@type":"ListItem","position":2,"name":"Biodanza Aquatique"}]},{"@type":"WebSite","@id":"https:\/\/ecolebiodanzamanosque.com\/#website","url":"https:\/\/ecolebiodanzamanosque.com\/","name":"EcoleBiodanzaManosque","description":"Formation de facilitateurs et de facilitatrices","publisher":{"@id":"https:\/\/ecolebiodanzamanosque.com\/#organization"},"potentialAction":[{"@type":"SearchAction","target":{"@type":"EntryPoint","urlTemplate":"https:\/\/ecolebiodanzamanosque.com\/?s={search_term_string}"},"query-input":{"@type":"PropertyValueSpecification","valueRequired":true,"valueName":"search_term_string"}}],"inLanguage":"fr-FR"},{"@type":"Organization","@id":"https:\/\/ecolebiodanzamanosque.com\/#organization","name":"EcoleBiodanzaManosque","url":"https:\/\/ecolebiodanzamanosque.com\/","logo":{"@type":"ImageObject","inLanguage":"fr-FR","@id":"https:\/\/ecolebiodanzamanosque.com\/#\/schema\/logo\/image\/","url":"https:\/\/ecolebiodanzamanosque.com\/wp-content\/uploads\/2023\/03\/logo-biodanza-vert2-MODIF.png","contentUrl":"https:\/\/ecolebiodanzamanosque.com\/wp-content\/uploads\/2023\/03\/logo-biodanza-vert2-MODIF.png","width":1110,"height":1106,"caption":"EcoleBiodanzaManosque"},"image":{"@id":"https:\/\/ecolebiodanzamanosque.com\/#\/schema\/logo\/image\/"}}]}},"_links":{"self":[{"href":"https:\/\/ecolebiodanzamanosque.com\/index.php\/wp-json\/wp\/v2\/pages\/1245","targetHints":{"allow":["GET"]}}],"collection":[{"href":"https:\/\/ecolebiodanzamanosque.com\/index.php\/wp-json\/wp\/v2\/pages"}],"about":[{"href":"https:\/\/ecolebiodanzamanosque.com\/index.php\/wp-json\/wp\/v2\/types\/page"}],"author":[{"embeddable":true,"href":"https:\/\/ecolebiodanzamanosque.com\/index.php\/wp-json\/wp\/v2\/users\/1"}],"replies":[{"embeddable":true,"href":"https:\/\/ecolebiodanzamanosque.com\/index.php\/wp-json\/wp\/v2\/comments?post=1245"}],"version-history":[{"count":11,"href":"https:\/\/ecolebiodanzamanosque.com\/index.php\/wp-json\/wp\/v2\/pages\/1245\/revisions"}],"predecessor-version":[{"id":2237,"href":"https:\/\/ecolebiodanzamanosque.com\/index.php\/wp-json\/wp\/v2\/pages\/1245\/revisions\/2237"}],"wp:attachment":[{"href":"https:\/\/ecolebiodanzamanosque.com\/index.php\/wp-json\/wp\/v2\/media?parent=1245"}],"curies":[{"name":"wp","href":"https:\/\/api.w.org\/{rel}","templated":true}]}}