{"id":1587,"date":"2023-03-22T17:26:07","date_gmt":"2023-03-22T17:26:07","guid":{"rendered":"https:\/\/ecolebiodanzamanosque.com\/?page_id=1587"},"modified":"2023-07-31T12:50:00","modified_gmt":"2023-07-31T12:50:00","slug":"modules-de-methodologie","status":"publish","type":"page","link":"https:\/\/ecolebiodanzamanosque.com\/index.php\/modules-de-methodologie\/","title":{"rendered":"Modules de m\u00e9thodologie"},"content":{"rendered":"\n<div style=\"height:30px\" aria-hidden=\"true\" class=\"wp-block-spacer\"><\/div>\n\n\n\n<h4 class=\"wp-block-heading has-text-color\" style=\"color:#8bc34a;font-size:25px\">Description des modules de m\u00e9thodologie<\/h4>\n\n\n\n<div style=\"height:30px\" aria-hidden=\"true\" class=\"wp-block-spacer\"><\/div>\n\n\n\n<h5 class=\"wp-block-heading\" style=\"font-size:18px\"><strong>Stage n\u00b0 23: M\u00e9thodologie I \u2013 S\u00e9mantique musicale<\/strong><\/h5>\n\n\n\n<p>Il ne suffit pas qu\u2019une musique soit \u00e0 la mode ou nous plaise pour \u00eatre utilisable en Biodanza\u00ae. Les crit\u00e8res de s\u00e9lection musicale ob\u00e9issent \u00e0 des besoins de coh\u00e9rence entre l\u2019\u00e9motion, le mouvement et la vivencia. C\u2019est l\u2019objet de l\u2019analyse s\u00e9mantique de la musique dans la Biodanza\u00ae.<\/p>\n\n\n\n<div style=\"height:30px\" aria-hidden=\"true\" class=\"wp-block-spacer\"><\/div>\n\n\n\n<h5 class=\"wp-block-heading\" style=\"font-size:18px\"><strong>Stage n\u00b0 24: M\u00e9thodologie II &#8211; La s\u00e9ance de Biodanza\u00ae (premi\u00e8re partie)<\/strong><\/h5>\n\n\n\n<p>Quels en sont le sens anthropologique et les objectifs&nbsp;? Comment se construit une s\u00e9ance de Biodanza\u00ae dans le respect des personnes, de leurs besoins physiologiques, de la progressivit\u00e9.&nbsp;&nbsp;Nous commen\u00e7ons la r\u00e9vision des exercices de base avec pr\u00e9sentation, d\u00e9monstration, explication des consignes et s\u00e9lection des musiques ad\u00e9quates.&nbsp;<em>A partir de ce point, la participation des \u00e9l\u00e8ves devient plus active.<\/em><\/p>\n\n\n\n<div style=\"height:30px\" aria-hidden=\"true\" class=\"wp-block-spacer\"><\/div>\n\n\n\n<h5 class=\"wp-block-heading\" style=\"font-size:18px\"><strong>Stage n\u00b0 25: M\u00e9thodologie III &#8211; La s\u00e9ance de Biodanza\u00ae (deuxi\u00e8me partie)<\/strong><\/h5>\n\n\n\n<p>Nous approfondissons la notion de processus et de progressivit\u00e9&nbsp;: identification des diff\u00e9rents niveaux pour les s\u00e9ances (d\u2019initiation, d\u2019approfondissement et de radicalisation de la&nbsp;<em>vivencia)<\/em>. Nous abordons les difficult\u00e9s et erreurs m\u00e9thodologiques ainsi que les fa\u00e7ons de les \u00e9viter.<\/p>\n\n\n\n<div style=\"height:30px\" aria-hidden=\"true\" class=\"wp-block-spacer\"><\/div>\n\n\n\n<h5 class=\"wp-block-heading\" style=\"font-size:18px\"><strong>Stage n\u00b0 26: M\u00e9thodologie IV- Le cours hebdomadaire et le stage de Biodanza\u00ae<\/strong><\/h5>\n\n\n\n<p>Programme d\u2019un cours hebdomadaire de Biodanza\u00ae : buts d\u2019ensemble; stabilisation des changements \u00e9volutifs; buts sp\u00e9cifiques; explication th\u00e9orique; exemples de sujets th\u00e9oriques pour la programmation d\u2019un cours hebdomadaire; s\u00e9quence des exercices et des s\u00e9ances. Programme d\u2019un cours d\u2019initiation: partie de th\u00e9orie; partie de&nbsp;<em>vivencia<\/em>; exemples d\u2019exercices d\u2019int\u00e9gration. Programme d\u2019un cours d\u2019approfondissement et radicalisation de la&nbsp;<em>vivencia<\/em>: partie de th\u00e9orie; partie de&nbsp;<em>vivencia<\/em>; exemples d\u2019exercices sp\u00e9cifiques des 5 Lignes de&nbsp;<em>vivencia<\/em>. Le stage de Biodanza\u00ae : niveau; dur\u00e9e; structure.<\/p>\n\n\n\n<div style=\"height:30px\" aria-hidden=\"true\" class=\"wp-block-spacer\"><\/div>\n\n\n\n<h5 class=\"wp-block-heading\" style=\"font-size:18px\"><strong>Stage n\u00b0 27: M\u00e9thodologie V &#8211; Le groupe de Biodanza\u00ae<\/strong><\/h5>\n\n\n\n<p>Le groupe matrice de renaissance. Int\u00e9gration du groupe de Biodanza\u00ae&nbsp;: premiers instants; int\u00e9gration organique sur base affective; dynamique du groupe de Biodanza\u00ae ; participation au groupe hebdomadaire et d\u00e9passement des m\u00e9canismes de d\u00e9fense; fonction de la partie th\u00e9orique dans l\u2019int\u00e9gration du groupe; place de la parole (<em>R\u00e9cit de vivencia<\/em>); entretiens individuels. Participation et posture du facilitateur de Biodanza\u00ae. Relation entre le microcosme du groupe et le macrocosme social. Aspects exp\u00e9rimentaux et ph\u00e9nom\u00e9nologiques de la Biodanza\u00ae.<\/p>\n\n\n\n<div style=\"height:30px\" aria-hidden=\"true\" class=\"wp-block-spacer\"><\/div>\n\n\n\n<h5 class=\"wp-block-heading\" style=\"font-size:18px\"><strong>Stage n\u00b0 28: M\u00e9thodologie VI \u2013 Crit\u00e8res d\u2019\u00e9valuation du processus \u00e9volutif en Biodanza\u00ae\u00a0<\/strong><\/h5>\n\n\n\n<p>Notions de lecture corporelle selon les diff\u00e9rentes cat\u00e9gories de mouvement. Diff\u00e9rents aspects moteurs li\u00e9s \u00e0 des exercices sp\u00e9cifiques de la Biodanza\u00ae. Capacit\u00e9 de communication affective et de contact en feed-back (r\u00e9ciprocit\u00e9). Capacit\u00e9 de l\u00e2cher prise et d\u2019expression. Indications pour l\u2019utilisation de la fiche destin\u00e9e \u00e0 l\u2019\u00e9valuation du processus \u00e9volutif en Biodanza\u00ae.<\/p>\n\n\n\n<div style=\"height:30px\" aria-hidden=\"true\" class=\"wp-block-spacer\"><\/div>\n\n\n\n<h5 class=\"wp-block-heading\" style=\"font-size:18px\"><strong>Stage n\u00b0 29: M\u00e9thodologie VII \u2013 Liste Officielle des Exercices de Biodanza\u00ae\u00a0<\/strong><\/h5>\n\n\n\n<p>R\u00e9vision finale de tous les exercices ; mise en situation des futurs facilitateurs par des exercices pratiques d\u2019animation, r\u00e9ponses aux questions. Elaboration collective et facilitation de vivencias. Initiation \u00e0 la supervision.<\/p>\n","protected":false},"excerpt":{"rendered":"<p>Description des modules de m\u00e9thodologie Stage n\u00b0 23: M\u00e9thodologie I \u2013 S\u00e9mantique musicale Il ne suffit pas qu\u2019une musique soit \u00e0 la mode ou nous plaise pour \u00eatre utilisable en Biodanza\u00ae. Les crit\u00e8res de s\u00e9lection musicale ob\u00e9issent \u00e0 des besoins de coh\u00e9rence entre l\u2019\u00e9motion, le mouvement et la vivencia. C\u2019est l\u2019objet de l\u2019analyse s\u00e9mantique de la musique dans la Biodanza\u00ae. [&hellip;]<\/p>\n","protected":false},"author":1,"featured_media":0,"parent":0,"menu_order":0,"comment_status":"closed","ping_status":"closed","template":"","meta":{"_eb_attr":"","footnotes":""},"class_list":["post-1587","page","type-page","status-publish","hentry"],"yoast_head":"<!-- This site is optimized with the Yoast SEO plugin v26.6 - https:\/\/yoast.com\/wordpress\/plugins\/seo\/ -->\n<title>Modules de m\u00e9thodologie - Ecole de Biodanza de Manosque<\/title>\n<meta name=\"robots\" content=\"index, follow, max-snippet:-1, max-image-preview:large, max-video-preview:-1\" \/>\n<link rel=\"canonical\" href=\"https:\/\/ecolebiodanzamanosque.com\/index.php\/modules-de-methodologie\/\" \/>\n<meta property=\"og:locale\" content=\"fr_FR\" \/>\n<meta property=\"og:type\" content=\"article\" \/>\n<meta property=\"og:title\" content=\"Modules de m\u00e9thodologie - Ecole de Biodanza de Manosque\" \/>\n<meta property=\"og:description\" content=\"Description des modules de m\u00e9thodologie Stage n\u00b0 23: M\u00e9thodologie I \u2013 S\u00e9mantique musicale Il ne suffit pas qu\u2019une musique soit \u00e0 la mode ou nous plaise pour \u00eatre utilisable en Biodanza\u00ae. Les crit\u00e8res de s\u00e9lection musicale ob\u00e9issent \u00e0 des besoins de coh\u00e9rence entre l\u2019\u00e9motion, le mouvement et la vivencia. C\u2019est l\u2019objet de l\u2019analyse s\u00e9mantique de la musique dans la Biodanza\u00ae. [&hellip;]\" \/>\n<meta property=\"og:url\" content=\"https:\/\/ecolebiodanzamanosque.com\/index.php\/modules-de-methodologie\/\" \/>\n<meta property=\"og:site_name\" content=\"Ecole de Biodanza de Manosque\" \/>\n<meta property=\"article:modified_time\" content=\"2023-07-31T12:50:00+00:00\" \/>\n<meta name=\"twitter:card\" content=\"summary_large_image\" \/>\n<meta name=\"twitter:label1\" content=\"Dur\u00e9e de lecture estim\u00e9e\" \/>\n\t<meta name=\"twitter:data1\" content=\"3 minutes\" \/>\n<script type=\"application\/ld+json\" class=\"yoast-schema-graph\">{\"@context\":\"https:\/\/schema.org\",\"@graph\":[{\"@type\":\"WebPage\",\"@id\":\"https:\/\/ecolebiodanzamanosque.com\/index.php\/modules-de-methodologie\/\",\"url\":\"https:\/\/ecolebiodanzamanosque.com\/index.php\/modules-de-methodologie\/\",\"name\":\"Modules de m\u00e9thodologie - Ecole de Biodanza de Manosque\",\"isPartOf\":{\"@id\":\"https:\/\/ecolebiodanzamanosque.com\/#website\"},\"datePublished\":\"2023-03-22T17:26:07+00:00\",\"dateModified\":\"2023-07-31T12:50:00+00:00\",\"breadcrumb\":{\"@id\":\"https:\/\/ecolebiodanzamanosque.com\/index.php\/modules-de-methodologie\/#breadcrumb\"},\"inLanguage\":\"fr-FR\",\"potentialAction\":[{\"@type\":\"ReadAction\",\"target\":[\"https:\/\/ecolebiodanzamanosque.com\/index.php\/modules-de-methodologie\/\"]}]},{\"@type\":\"BreadcrumbList\",\"@id\":\"https:\/\/ecolebiodanzamanosque.com\/index.php\/modules-de-methodologie\/#breadcrumb\",\"itemListElement\":[{\"@type\":\"ListItem\",\"position\":1,\"name\":\"Accueil\",\"item\":\"https:\/\/ecolebiodanzamanosque.com\/\"},{\"@type\":\"ListItem\",\"position\":2,\"name\":\"Modules de m\u00e9thodologie\"}]},{\"@type\":\"WebSite\",\"@id\":\"https:\/\/ecolebiodanzamanosque.com\/#website\",\"url\":\"https:\/\/ecolebiodanzamanosque.com\/\",\"name\":\"EcoleBiodanzaManosque\",\"description\":\"Formation de facilitateurs et de facilitatrices\",\"publisher\":{\"@id\":\"https:\/\/ecolebiodanzamanosque.com\/#organization\"},\"potentialAction\":[{\"@type\":\"SearchAction\",\"target\":{\"@type\":\"EntryPoint\",\"urlTemplate\":\"https:\/\/ecolebiodanzamanosque.com\/?s={search_term_string}\"},\"query-input\":{\"@type\":\"PropertyValueSpecification\",\"valueRequired\":true,\"valueName\":\"search_term_string\"}}],\"inLanguage\":\"fr-FR\"},{\"@type\":\"Organization\",\"@id\":\"https:\/\/ecolebiodanzamanosque.com\/#organization\",\"name\":\"EcoleBiodanzaManosque\",\"url\":\"https:\/\/ecolebiodanzamanosque.com\/\",\"logo\":{\"@type\":\"ImageObject\",\"inLanguage\":\"fr-FR\",\"@id\":\"https:\/\/ecolebiodanzamanosque.com\/#\/schema\/logo\/image\/\",\"url\":\"https:\/\/ecolebiodanzamanosque.com\/wp-content\/uploads\/2023\/03\/logo-biodanza-vert2-MODIF.png\",\"contentUrl\":\"https:\/\/ecolebiodanzamanosque.com\/wp-content\/uploads\/2023\/03\/logo-biodanza-vert2-MODIF.png\",\"width\":1110,\"height\":1106,\"caption\":\"EcoleBiodanzaManosque\"},\"image\":{\"@id\":\"https:\/\/ecolebiodanzamanosque.com\/#\/schema\/logo\/image\/\"}}]}<\/script>\n<!-- \/ Yoast SEO plugin. -->","yoast_head_json":{"title":"Modules de m\u00e9thodologie - Ecole de Biodanza de Manosque","robots":{"index":"index","follow":"follow","max-snippet":"max-snippet:-1","max-image-preview":"max-image-preview:large","max-video-preview":"max-video-preview:-1"},"canonical":"https:\/\/ecolebiodanzamanosque.com\/index.php\/modules-de-methodologie\/","og_locale":"fr_FR","og_type":"article","og_title":"Modules de m\u00e9thodologie - Ecole de Biodanza de Manosque","og_description":"Description des modules de m\u00e9thodologie Stage n\u00b0 23: M\u00e9thodologie I \u2013 S\u00e9mantique musicale Il ne suffit pas qu\u2019une musique soit \u00e0 la mode ou nous plaise pour \u00eatre utilisable en Biodanza\u00ae. Les crit\u00e8res de s\u00e9lection musicale ob\u00e9issent \u00e0 des besoins de coh\u00e9rence entre l\u2019\u00e9motion, le mouvement et la vivencia. C\u2019est l\u2019objet de l\u2019analyse s\u00e9mantique de la musique dans la Biodanza\u00ae. [&hellip;]","og_url":"https:\/\/ecolebiodanzamanosque.com\/index.php\/modules-de-methodologie\/","og_site_name":"Ecole de Biodanza de Manosque","article_modified_time":"2023-07-31T12:50:00+00:00","twitter_card":"summary_large_image","twitter_misc":{"Dur\u00e9e de lecture estim\u00e9e":"3 minutes"},"schema":{"@context":"https:\/\/schema.org","@graph":[{"@type":"WebPage","@id":"https:\/\/ecolebiodanzamanosque.com\/index.php\/modules-de-methodologie\/","url":"https:\/\/ecolebiodanzamanosque.com\/index.php\/modules-de-methodologie\/","name":"Modules de m\u00e9thodologie - Ecole de Biodanza de Manosque","isPartOf":{"@id":"https:\/\/ecolebiodanzamanosque.com\/#website"},"datePublished":"2023-03-22T17:26:07+00:00","dateModified":"2023-07-31T12:50:00+00:00","breadcrumb":{"@id":"https:\/\/ecolebiodanzamanosque.com\/index.php\/modules-de-methodologie\/#breadcrumb"},"inLanguage":"fr-FR","potentialAction":[{"@type":"ReadAction","target":["https:\/\/ecolebiodanzamanosque.com\/index.php\/modules-de-methodologie\/"]}]},{"@type":"BreadcrumbList","@id":"https:\/\/ecolebiodanzamanosque.com\/index.php\/modules-de-methodologie\/#breadcrumb","itemListElement":[{"@type":"ListItem","position":1,"name":"Accueil","item":"https:\/\/ecolebiodanzamanosque.com\/"},{"@type":"ListItem","position":2,"name":"Modules de m\u00e9thodologie"}]},{"@type":"WebSite","@id":"https:\/\/ecolebiodanzamanosque.com\/#website","url":"https:\/\/ecolebiodanzamanosque.com\/","name":"EcoleBiodanzaManosque","description":"Formation de facilitateurs et de facilitatrices","publisher":{"@id":"https:\/\/ecolebiodanzamanosque.com\/#organization"},"potentialAction":[{"@type":"SearchAction","target":{"@type":"EntryPoint","urlTemplate":"https:\/\/ecolebiodanzamanosque.com\/?s={search_term_string}"},"query-input":{"@type":"PropertyValueSpecification","valueRequired":true,"valueName":"search_term_string"}}],"inLanguage":"fr-FR"},{"@type":"Organization","@id":"https:\/\/ecolebiodanzamanosque.com\/#organization","name":"EcoleBiodanzaManosque","url":"https:\/\/ecolebiodanzamanosque.com\/","logo":{"@type":"ImageObject","inLanguage":"fr-FR","@id":"https:\/\/ecolebiodanzamanosque.com\/#\/schema\/logo\/image\/","url":"https:\/\/ecolebiodanzamanosque.com\/wp-content\/uploads\/2023\/03\/logo-biodanza-vert2-MODIF.png","contentUrl":"https:\/\/ecolebiodanzamanosque.com\/wp-content\/uploads\/2023\/03\/logo-biodanza-vert2-MODIF.png","width":1110,"height":1106,"caption":"EcoleBiodanzaManosque"},"image":{"@id":"https:\/\/ecolebiodanzamanosque.com\/#\/schema\/logo\/image\/"}}]}},"_links":{"self":[{"href":"https:\/\/ecolebiodanzamanosque.com\/index.php\/wp-json\/wp\/v2\/pages\/1587","targetHints":{"allow":["GET"]}}],"collection":[{"href":"https:\/\/ecolebiodanzamanosque.com\/index.php\/wp-json\/wp\/v2\/pages"}],"about":[{"href":"https:\/\/ecolebiodanzamanosque.com\/index.php\/wp-json\/wp\/v2\/types\/page"}],"author":[{"embeddable":true,"href":"https:\/\/ecolebiodanzamanosque.com\/index.php\/wp-json\/wp\/v2\/users\/1"}],"replies":[{"embeddable":true,"href":"https:\/\/ecolebiodanzamanosque.com\/index.php\/wp-json\/wp\/v2\/comments?post=1587"}],"version-history":[{"count":4,"href":"https:\/\/ecolebiodanzamanosque.com\/index.php\/wp-json\/wp\/v2\/pages\/1587\/revisions"}],"predecessor-version":[{"id":2017,"href":"https:\/\/ecolebiodanzamanosque.com\/index.php\/wp-json\/wp\/v2\/pages\/1587\/revisions\/2017"}],"wp:attachment":[{"href":"https:\/\/ecolebiodanzamanosque.com\/index.php\/wp-json\/wp\/v2\/media?parent=1587"}],"curies":[{"name":"wp","href":"https:\/\/api.w.org\/{rel}","templated":true}]}}