{"id":182,"date":"2023-01-19T17:38:53","date_gmt":"2023-01-19T17:38:53","guid":{"rendered":"https:\/\/ecolebiodanzamanosque.com\/?page_id=182"},"modified":"2023-05-31T17:42:36","modified_gmt":"2023-05-31T17:42:36","slug":"contactez-nous-laurence-wulkan-gisele-bregliano-martinez-ecole-manosque","status":"publish","type":"page","link":"https:\/\/ecolebiodanzamanosque.com\/index.php\/contactez-nous-laurence-wulkan-gisele-bregliano-martinez-ecole-manosque\/","title":{"rendered":"Contactez-nous"},"content":{"rendered":"\n<div style=\"height:30px\" aria-hidden=\"true\" class=\"wp-block-spacer\"><\/div>\n\n\n\n<h4 class=\"wp-block-heading has-text-color\" style=\"color:#8bc34a;font-size:25px\">Par t\u00e9l\u00e9phone<\/h4>\n\n\n\n<div style=\"height:30px\" aria-hidden=\"true\" class=\"wp-block-spacer\"><\/div>\n\n\n\n<div class=\"wp-block-columns is-layout-flex wp-container-core-columns-is-layout-9d6595d7 wp-block-columns-is-layout-flex\">\n<div class=\"wp-block-column is-layout-flow wp-block-column-is-layout-flow\">\n<div class=\"wp-block-media-text alignwide is-stacked-on-mobile\" style=\"grid-template-columns:30% auto\"><figure class=\"wp-block-media-text__media\"><img fetchpriority=\"high\" decoding=\"async\" width=\"862\" height=\"1024\" src=\"https:\/\/ecolebiodanzamanosque.com\/wp-content\/uploads\/2023\/04\/LW2-e1680506212751-862x1024.jpg\" alt=\"\" class=\"wp-image-1745 size-full\" srcset=\"https:\/\/ecolebiodanzamanosque.com\/wp-content\/uploads\/2023\/04\/LW2-e1680506212751-862x1024.jpg 862w, https:\/\/ecolebiodanzamanosque.com\/wp-content\/uploads\/2023\/04\/LW2-e1680506212751-253x300.jpg 253w, https:\/\/ecolebiodanzamanosque.com\/wp-content\/uploads\/2023\/04\/LW2-e1680506212751-768x912.jpg 768w, https:\/\/ecolebiodanzamanosque.com\/wp-content\/uploads\/2023\/04\/LW2-e1680506212751-1293x1536.jpg 1293w, https:\/\/ecolebiodanzamanosque.com\/wp-content\/uploads\/2023\/04\/LW2-e1680506212751.jpg 1394w\" sizes=\"(max-width: 862px) 100vw, 862px\" \/><\/figure><div class=\"wp-block-media-text__content\">\n<div class=\"wp-block-group is-vertical is-content-justification-left is-layout-flex wp-container-core-group-is-layout-c0ca7d81 wp-block-group-is-layout-flex\">\n<h5 class=\"wp-block-heading has-medium-font-size\">Direction<\/h5>\n\n\n\n<p>Laurence Wulkan<\/p>\n\n\n\n<p>06 01 32 50 81<\/p>\n<\/div>\n<\/div><\/div>\n<\/div>\n\n\n\n<div class=\"wp-block-column is-layout-flow wp-block-column-is-layout-flow\">\n<div class=\"wp-block-media-text alignwide is-stacked-on-mobile\" style=\"grid-template-columns:25% auto\"><figure class=\"wp-block-media-text__media\"><img decoding=\"async\" width=\"183\" height=\"266\" src=\"https:\/\/ecolebiodanzamanosque.com\/wp-content\/uploads\/2023\/01\/Gisele.jpg\" alt=\"\" class=\"wp-image-131 size-full\"\/><\/figure><div class=\"wp-block-media-text__content\">\n<div class=\"wp-block-group is-vertical is-layout-flex wp-container-core-group-is-layout-8cf370e7 wp-block-group-is-layout-flex\">\n<h5 class=\"wp-block-heading has-medium-font-size\">Coordination<\/h5>\n\n\n\n<p>Gis\u00e8le Bregliano Martinez<\/p>\n\n\n\n<p>06 80 12 15 24<\/p>\n<\/div>\n<\/div><\/div>\n<\/div>\n<\/div>\n\n\n\n<div style=\"height:30px\" aria-hidden=\"true\" class=\"wp-block-spacer\"><\/div>\n\n\n\n<h4 class=\"wp-block-heading has-text-color\" style=\"color:#8bc34a;font-size:25px\">Par Mail<\/h4>\n\n\n\n<div style=\"height:10px\" aria-hidden=\"true\" class=\"wp-block-spacer\"><\/div>\n\n\n\n<div class=\"wp-block-contact-form-7-contact-form-selector\">\n<div class=\"wpcf7 no-js\" id=\"wpcf7-f176-o1\" lang=\"fr-FR\" dir=\"ltr\" data-wpcf7-id=\"176\">\n<div class=\"screen-reader-response\"><p role=\"status\" aria-live=\"polite\" aria-atomic=\"true\"><\/p> <ul><\/ul><\/div>\n<form action=\"\/index.php\/wp-json\/wp\/v2\/pages\/182#wpcf7-f176-o1\" method=\"post\" class=\"wpcf7-form init\" aria-label=\"Formulaire de contact\" novalidate=\"novalidate\" data-status=\"init\">\n<fieldset class=\"hidden-fields-container\"><input type=\"hidden\" name=\"_wpcf7\" value=\"176\" \/><input type=\"hidden\" name=\"_wpcf7_version\" value=\"6.1.5\" \/><input type=\"hidden\" name=\"_wpcf7_locale\" value=\"fr_FR\" \/><input type=\"hidden\" name=\"_wpcf7_unit_tag\" value=\"wpcf7-f176-o1\" \/><input type=\"hidden\" name=\"_wpcf7_container_post\" value=\"0\" \/><input type=\"hidden\" name=\"_wpcf7_posted_data_hash\" value=\"\" \/>\n<\/fieldset>\n<p><label> Votre nom<br \/>\n<span class=\"wpcf7-form-control-wrap\" data-name=\"your-name\"><input size=\"40\" maxlength=\"400\" class=\"wpcf7-form-control wpcf7-text wpcf7-validates-as-required\" autocomplete=\"name\" aria-required=\"true\" aria-invalid=\"false\" value=\"\" type=\"text\" name=\"your-name\" \/><\/span> <\/label>\n<\/p>\n<p><label> Votre e-mail<br \/>\n<span class=\"wpcf7-form-control-wrap\" data-name=\"your-email\"><input size=\"40\" maxlength=\"400\" class=\"wpcf7-form-control wpcf7-email wpcf7-validates-as-required wpcf7-text wpcf7-validates-as-email\" autocomplete=\"email\" aria-required=\"true\" aria-invalid=\"false\" value=\"\" type=\"email\" name=\"your-email\" \/><\/span> <\/label>\n<\/p>\n<p><label> Objet<br \/>\n<span class=\"wpcf7-form-control-wrap\" data-name=\"your-subject\"><input size=\"40\" maxlength=\"400\" class=\"wpcf7-form-control wpcf7-text wpcf7-validates-as-required\" aria-required=\"true\" aria-invalid=\"false\" value=\"\" type=\"text\" name=\"your-subject\" \/><\/span> <\/label>\n<\/p>\n<p><label> Votre message (facultatif)<br \/>\n<span class=\"wpcf7-form-control-wrap\" data-name=\"your-message\"><textarea cols=\"40\" rows=\"10\" maxlength=\"2000\" class=\"wpcf7-form-control wpcf7-textarea\" aria-invalid=\"false\" name=\"your-message\"><\/textarea><\/span> <\/label>\n<\/p>\n<p><input class=\"wpcf7-form-control wpcf7-submit has-spinner\" type=\"submit\" value=\"Envoyer\" \/>\n<\/p><p style=\"display: none !important;\" class=\"akismet-fields-container\" data-prefix=\"_wpcf7_ak_\"><label>&#916;<textarea name=\"_wpcf7_ak_hp_textarea\" cols=\"45\" rows=\"8\" maxlength=\"100\"><\/textarea><\/label><input type=\"hidden\" id=\"ak_js_1\" name=\"_wpcf7_ak_js\" value=\"38\"\/><script>document.getElementById( \"ak_js_1\" ).setAttribute( \"value\", ( new Date() ).getTime() );<\/script><\/p><div class=\"wpcf7-response-output\" aria-hidden=\"true\"><\/div>\n<\/form>\n<\/div>\n<\/div>\n\n\n\n<div style=\"height:30px\" aria-hidden=\"true\" class=\"wp-block-spacer\"><\/div>\n\n\n\n<h4 class=\"wp-block-heading has-text-color\" style=\"color:#8bc34a;font-size:25px\">Par Courrier Postal<\/h4>\n\n\n\n<p><strong>Association EcoBioMa<\/strong> &#8211; Laurence Wulkan &#8211; Impasse Mar\u00e9chal Leclerc &#8211; Maison Chiapello &#8211; 06130 Grasse<\/p>\n\n\n\n<div style=\"height:30px\" aria-hidden=\"true\" class=\"wp-block-spacer\"><\/div>\n\n\n\n<h4 class=\"wp-block-heading has-text-color\" style=\"color:#8bc34a;font-size:25px\">Nous trouver pendant les week-ends de formation<\/h4>\n\n\n\n<p><strong>G\u00eete de Chaloux<\/strong>  &#8211; 04150 Simiane La Rotonde<br><strong>Coordonn\u00e9es GPS<\/strong> :    Lat : 43\u00b057&rsquo;12.78&Prime;N, Long : 5\u00b034&rsquo;53.79&Prime;E<br><\/p>\n\n\n\n<iframe src=\"https:\/\/www.google.com\/maps\/embed?pb=!1m18!1m12!1m3!1d2872.279962131644!2d5.578987776361978!3d43.95357333295155!2m3!1f0!2f0!3f0!3m2!1i1024!2i768!4f13.1!3m3!1m2!1s0x12ca37f75622d089%3A0xb07b2fede5f873ae!2sG%C3%AEte%20de%20Chaloux!5e0!3m2!1sfr!2sfr!4v1685554654763!5m2!1sfr!2sfr\" width=\"600\" height=\"450\" style=\"border:0;\" allowfullscreen=\"\" loading=\"lazy\" referrerpolicy=\"no-referrer-when-downgrade\"><\/iframe>\n\n\n\n<div style=\"height:30px\" aria-hidden=\"true\" class=\"wp-block-spacer\"><\/div>\n\n\n\n<h4 class=\"wp-block-heading has-text-color\" style=\"color:#8bc34a;font-size:25px\">Informations l\u00e9gales<\/h4>\n\n\n\n<figure class=\"wp-block-image size-large is-resized\"><img decoding=\"async\" src=\"https:\/\/ecolebiodanzamanosque.com\/wp-content\/uploads\/2023\/04\/Informations-legales-site-1-1024x576.jpg\" alt=\"\" class=\"wp-image-1778\" width=\"707\" height=\"397\" srcset=\"https:\/\/ecolebiodanzamanosque.com\/wp-content\/uploads\/2023\/04\/Informations-legales-site-1-1024x576.jpg 1024w, https:\/\/ecolebiodanzamanosque.com\/wp-content\/uploads\/2023\/04\/Informations-legales-site-1-300x169.jpg 300w, https:\/\/ecolebiodanzamanosque.com\/wp-content\/uploads\/2023\/04\/Informations-legales-site-1-768x432.jpg 768w, https:\/\/ecolebiodanzamanosque.com\/wp-content\/uploads\/2023\/04\/Informations-legales-site-1.jpg 1058w\" sizes=\"(max-width: 707px) 100vw, 707px\" \/><\/figure>\n","protected":false},"excerpt":{"rendered":"<p>Par t\u00e9l\u00e9phone Direction Laurence Wulkan 06 01 32 50 81 Coordination Gis\u00e8le Bregliano Martinez 06 80 12 15 24 Par Mail Par Courrier Postal Association EcoBioMa &#8211; Laurence Wulkan &#8211; Impasse Mar\u00e9chal Leclerc &#8211; Maison Chiapello &#8211; 06130 Grasse Nous trouver pendant les week-ends de formation G\u00eete de Chaloux &#8211; 04150 Simiane La RotondeCoordonn\u00e9es GPS : Lat : 43\u00b057&rsquo;12.78&Prime;N, Long [&hellip;]<\/p>\n","protected":false},"author":1,"featured_media":0,"parent":0,"menu_order":0,"comment_status":"closed","ping_status":"closed","template":"","meta":{"_eb_attr":"","footnotes":""},"class_list":["post-182","page","type-page","status-publish","hentry"],"yoast_head":"<!-- This site is optimized with the Yoast SEO plugin v26.6 - https:\/\/yoast.com\/wordpress\/plugins\/seo\/ -->\n<title>Laurence Wulkan Gis\u00e8le Bregliano<\/title>\n<meta name=\"description\" content=\"Coordonn\u00e9es de Laurence Wulkan et de Gis\u00e8le Bregliano Martinez. Coordonn\u00e9es de l&#039;\u00e9cole de Biodanza de Manosque\" \/>\n<meta name=\"robots\" content=\"index, follow, max-snippet:-1, max-image-preview:large, max-video-preview:-1\" \/>\n<link rel=\"canonical\" href=\"https:\/\/ecolebiodanzamanosque.com\/index.php\/contactez-nous-laurence-wulkan-gisele-bregliano-martinez-ecole-manosque\/\" \/>\n<meta property=\"og:locale\" content=\"fr_FR\" \/>\n<meta property=\"og:type\" content=\"article\" \/>\n<meta property=\"og:title\" content=\"Laurence Wulkan Gis\u00e8le Bregliano\" \/>\n<meta property=\"og:description\" content=\"Coordonn\u00e9es de Laurence Wulkan et de Gis\u00e8le Bregliano Martinez. Coordonn\u00e9es de l&#039;\u00e9cole de Biodanza de Manosque\" \/>\n<meta property=\"og:url\" content=\"https:\/\/ecolebiodanzamanosque.com\/index.php\/contactez-nous-laurence-wulkan-gisele-bregliano-martinez-ecole-manosque\/\" \/>\n<meta property=\"og:site_name\" content=\"Ecole de Biodanza de Manosque\" \/>\n<meta property=\"article:modified_time\" content=\"2023-05-31T17:42:36+00:00\" \/>\n<meta property=\"og:image\" content=\"https:\/\/ecolebiodanzamanosque.com\/wp-content\/uploads\/2023\/04\/LW2-e1680506212751-862x1024.jpg\" \/>\n<meta name=\"twitter:card\" content=\"summary_large_image\" \/>\n<meta name=\"twitter:label1\" content=\"Dur\u00e9e de lecture estim\u00e9e\" \/>\n\t<meta name=\"twitter:data1\" content=\"1 minute\" \/>\n<script type=\"application\/ld+json\" class=\"yoast-schema-graph\">{\"@context\":\"https:\/\/schema.org\",\"@graph\":[{\"@type\":\"WebPage\",\"@id\":\"https:\/\/ecolebiodanzamanosque.com\/index.php\/contactez-nous-laurence-wulkan-gisele-bregliano-martinez-ecole-manosque\/\",\"url\":\"https:\/\/ecolebiodanzamanosque.com\/index.php\/contactez-nous-laurence-wulkan-gisele-bregliano-martinez-ecole-manosque\/\",\"name\":\"Laurence Wulkan Gis\u00e8le Bregliano\",\"isPartOf\":{\"@id\":\"https:\/\/ecolebiodanzamanosque.com\/#website\"},\"primaryImageOfPage\":{\"@id\":\"https:\/\/ecolebiodanzamanosque.com\/index.php\/contactez-nous-laurence-wulkan-gisele-bregliano-martinez-ecole-manosque\/#primaryimage\"},\"image\":{\"@id\":\"https:\/\/ecolebiodanzamanosque.com\/index.php\/contactez-nous-laurence-wulkan-gisele-bregliano-martinez-ecole-manosque\/#primaryimage\"},\"thumbnailUrl\":\"https:\/\/ecolebiodanzamanosque.com\/wp-content\/uploads\/2023\/04\/LW2-e1680506212751-862x1024.jpg\",\"datePublished\":\"2023-01-19T17:38:53+00:00\",\"dateModified\":\"2023-05-31T17:42:36+00:00\",\"description\":\"Coordonn\u00e9es de Laurence Wulkan et de Gis\u00e8le Bregliano Martinez. Coordonn\u00e9es de l'\u00e9cole de Biodanza de Manosque\",\"breadcrumb\":{\"@id\":\"https:\/\/ecolebiodanzamanosque.com\/index.php\/contactez-nous-laurence-wulkan-gisele-bregliano-martinez-ecole-manosque\/#breadcrumb\"},\"inLanguage\":\"fr-FR\",\"potentialAction\":[{\"@type\":\"ReadAction\",\"target\":[\"https:\/\/ecolebiodanzamanosque.com\/index.php\/contactez-nous-laurence-wulkan-gisele-bregliano-martinez-ecole-manosque\/\"]}]},{\"@type\":\"ImageObject\",\"inLanguage\":\"fr-FR\",\"@id\":\"https:\/\/ecolebiodanzamanosque.com\/index.php\/contactez-nous-laurence-wulkan-gisele-bregliano-martinez-ecole-manosque\/#primaryimage\",\"url\":\"https:\/\/ecolebiodanzamanosque.com\/wp-content\/uploads\/2023\/04\/LW2-e1680506212751.jpg\",\"contentUrl\":\"https:\/\/ecolebiodanzamanosque.com\/wp-content\/uploads\/2023\/04\/LW2-e1680506212751.jpg\",\"width\":1394,\"height\":1656},{\"@type\":\"BreadcrumbList\",\"@id\":\"https:\/\/ecolebiodanzamanosque.com\/index.php\/contactez-nous-laurence-wulkan-gisele-bregliano-martinez-ecole-manosque\/#breadcrumb\",\"itemListElement\":[{\"@type\":\"ListItem\",\"position\":1,\"name\":\"Accueil\",\"item\":\"https:\/\/ecolebiodanzamanosque.com\/\"},{\"@type\":\"ListItem\",\"position\":2,\"name\":\"Contactez-nous\"}]},{\"@type\":\"WebSite\",\"@id\":\"https:\/\/ecolebiodanzamanosque.com\/#website\",\"url\":\"https:\/\/ecolebiodanzamanosque.com\/\",\"name\":\"EcoleBiodanzaManosque\",\"description\":\"Formation de facilitateurs et de facilitatrices\",\"publisher\":{\"@id\":\"https:\/\/ecolebiodanzamanosque.com\/#organization\"},\"potentialAction\":[{\"@type\":\"SearchAction\",\"target\":{\"@type\":\"EntryPoint\",\"urlTemplate\":\"https:\/\/ecolebiodanzamanosque.com\/?s={search_term_string}\"},\"query-input\":{\"@type\":\"PropertyValueSpecification\",\"valueRequired\":true,\"valueName\":\"search_term_string\"}}],\"inLanguage\":\"fr-FR\"},{\"@type\":\"Organization\",\"@id\":\"https:\/\/ecolebiodanzamanosque.com\/#organization\",\"name\":\"EcoleBiodanzaManosque\",\"url\":\"https:\/\/ecolebiodanzamanosque.com\/\",\"logo\":{\"@type\":\"ImageObject\",\"inLanguage\":\"fr-FR\",\"@id\":\"https:\/\/ecolebiodanzamanosque.com\/#\/schema\/logo\/image\/\",\"url\":\"https:\/\/ecolebiodanzamanosque.com\/wp-content\/uploads\/2023\/03\/logo-biodanza-vert2-MODIF.png\",\"contentUrl\":\"https:\/\/ecolebiodanzamanosque.com\/wp-content\/uploads\/2023\/03\/logo-biodanza-vert2-MODIF.png\",\"width\":1110,\"height\":1106,\"caption\":\"EcoleBiodanzaManosque\"},\"image\":{\"@id\":\"https:\/\/ecolebiodanzamanosque.com\/#\/schema\/logo\/image\/\"}}]}<\/script>\n<!-- \/ Yoast SEO plugin. -->","yoast_head_json":{"title":"Laurence Wulkan Gis\u00e8le Bregliano","description":"Coordonn\u00e9es de Laurence Wulkan et de Gis\u00e8le Bregliano Martinez. Coordonn\u00e9es de l'\u00e9cole de Biodanza de Manosque","robots":{"index":"index","follow":"follow","max-snippet":"max-snippet:-1","max-image-preview":"max-image-preview:large","max-video-preview":"max-video-preview:-1"},"canonical":"https:\/\/ecolebiodanzamanosque.com\/index.php\/contactez-nous-laurence-wulkan-gisele-bregliano-martinez-ecole-manosque\/","og_locale":"fr_FR","og_type":"article","og_title":"Laurence Wulkan Gis\u00e8le Bregliano","og_description":"Coordonn\u00e9es de Laurence Wulkan et de Gis\u00e8le Bregliano Martinez. Coordonn\u00e9es de l'\u00e9cole de Biodanza de Manosque","og_url":"https:\/\/ecolebiodanzamanosque.com\/index.php\/contactez-nous-laurence-wulkan-gisele-bregliano-martinez-ecole-manosque\/","og_site_name":"Ecole de Biodanza de Manosque","article_modified_time":"2023-05-31T17:42:36+00:00","og_image":[{"url":"https:\/\/ecolebiodanzamanosque.com\/wp-content\/uploads\/2023\/04\/LW2-e1680506212751-862x1024.jpg","type":"","width":"","height":""}],"twitter_card":"summary_large_image","twitter_misc":{"Dur\u00e9e de lecture estim\u00e9e":"1 minute"},"schema":{"@context":"https:\/\/schema.org","@graph":[{"@type":"WebPage","@id":"https:\/\/ecolebiodanzamanosque.com\/index.php\/contactez-nous-laurence-wulkan-gisele-bregliano-martinez-ecole-manosque\/","url":"https:\/\/ecolebiodanzamanosque.com\/index.php\/contactez-nous-laurence-wulkan-gisele-bregliano-martinez-ecole-manosque\/","name":"Laurence Wulkan Gis\u00e8le Bregliano","isPartOf":{"@id":"https:\/\/ecolebiodanzamanosque.com\/#website"},"primaryImageOfPage":{"@id":"https:\/\/ecolebiodanzamanosque.com\/index.php\/contactez-nous-laurence-wulkan-gisele-bregliano-martinez-ecole-manosque\/#primaryimage"},"image":{"@id":"https:\/\/ecolebiodanzamanosque.com\/index.php\/contactez-nous-laurence-wulkan-gisele-bregliano-martinez-ecole-manosque\/#primaryimage"},"thumbnailUrl":"https:\/\/ecolebiodanzamanosque.com\/wp-content\/uploads\/2023\/04\/LW2-e1680506212751-862x1024.jpg","datePublished":"2023-01-19T17:38:53+00:00","dateModified":"2023-05-31T17:42:36+00:00","description":"Coordonn\u00e9es de Laurence Wulkan et de Gis\u00e8le Bregliano Martinez. Coordonn\u00e9es de l'\u00e9cole de Biodanza de Manosque","breadcrumb":{"@id":"https:\/\/ecolebiodanzamanosque.com\/index.php\/contactez-nous-laurence-wulkan-gisele-bregliano-martinez-ecole-manosque\/#breadcrumb"},"inLanguage":"fr-FR","potentialAction":[{"@type":"ReadAction","target":["https:\/\/ecolebiodanzamanosque.com\/index.php\/contactez-nous-laurence-wulkan-gisele-bregliano-martinez-ecole-manosque\/"]}]},{"@type":"ImageObject","inLanguage":"fr-FR","@id":"https:\/\/ecolebiodanzamanosque.com\/index.php\/contactez-nous-laurence-wulkan-gisele-bregliano-martinez-ecole-manosque\/#primaryimage","url":"https:\/\/ecolebiodanzamanosque.com\/wp-content\/uploads\/2023\/04\/LW2-e1680506212751.jpg","contentUrl":"https:\/\/ecolebiodanzamanosque.com\/wp-content\/uploads\/2023\/04\/LW2-e1680506212751.jpg","width":1394,"height":1656},{"@type":"BreadcrumbList","@id":"https:\/\/ecolebiodanzamanosque.com\/index.php\/contactez-nous-laurence-wulkan-gisele-bregliano-martinez-ecole-manosque\/#breadcrumb","itemListElement":[{"@type":"ListItem","position":1,"name":"Accueil","item":"https:\/\/ecolebiodanzamanosque.com\/"},{"@type":"ListItem","position":2,"name":"Contactez-nous"}]},{"@type":"WebSite","@id":"https:\/\/ecolebiodanzamanosque.com\/#website","url":"https:\/\/ecolebiodanzamanosque.com\/","name":"EcoleBiodanzaManosque","description":"Formation de facilitateurs et de facilitatrices","publisher":{"@id":"https:\/\/ecolebiodanzamanosque.com\/#organization"},"potentialAction":[{"@type":"SearchAction","target":{"@type":"EntryPoint","urlTemplate":"https:\/\/ecolebiodanzamanosque.com\/?s={search_term_string}"},"query-input":{"@type":"PropertyValueSpecification","valueRequired":true,"valueName":"search_term_string"}}],"inLanguage":"fr-FR"},{"@type":"Organization","@id":"https:\/\/ecolebiodanzamanosque.com\/#organization","name":"EcoleBiodanzaManosque","url":"https:\/\/ecolebiodanzamanosque.com\/","logo":{"@type":"ImageObject","inLanguage":"fr-FR","@id":"https:\/\/ecolebiodanzamanosque.com\/#\/schema\/logo\/image\/","url":"https:\/\/ecolebiodanzamanosque.com\/wp-content\/uploads\/2023\/03\/logo-biodanza-vert2-MODIF.png","contentUrl":"https:\/\/ecolebiodanzamanosque.com\/wp-content\/uploads\/2023\/03\/logo-biodanza-vert2-MODIF.png","width":1110,"height":1106,"caption":"EcoleBiodanzaManosque"},"image":{"@id":"https:\/\/ecolebiodanzamanosque.com\/#\/schema\/logo\/image\/"}}]}},"_links":{"self":[{"href":"https:\/\/ecolebiodanzamanosque.com\/index.php\/wp-json\/wp\/v2\/pages\/182","targetHints":{"allow":["GET"]}}],"collection":[{"href":"https:\/\/ecolebiodanzamanosque.com\/index.php\/wp-json\/wp\/v2\/pages"}],"about":[{"href":"https:\/\/ecolebiodanzamanosque.com\/index.php\/wp-json\/wp\/v2\/types\/page"}],"author":[{"embeddable":true,"href":"https:\/\/ecolebiodanzamanosque.com\/index.php\/wp-json\/wp\/v2\/users\/1"}],"replies":[{"embeddable":true,"href":"https:\/\/ecolebiodanzamanosque.com\/index.php\/wp-json\/wp\/v2\/comments?post=182"}],"version-history":[{"count":33,"href":"https:\/\/ecolebiodanzamanosque.com\/index.php\/wp-json\/wp\/v2\/pages\/182\/revisions"}],"predecessor-version":[{"id":1861,"href":"https:\/\/ecolebiodanzamanosque.com\/index.php\/wp-json\/wp\/v2\/pages\/182\/revisions\/1861"}],"wp:attachment":[{"href":"https:\/\/ecolebiodanzamanosque.com\/index.php\/wp-json\/wp\/v2\/media?parent=182"}],"curies":[{"name":"wp","href":"https:\/\/api.w.org\/{rel}","templated":true}]}}