{"id":513,"date":"2023-02-01T14:24:16","date_gmt":"2023-02-01T14:24:16","guid":{"rendered":"https:\/\/ecolebiodanzamanosque.com\/?page_id=513"},"modified":"2024-04-26T15:12:44","modified_gmt":"2024-04-26T15:12:44","slug":"liens-utiles","status":"publish","type":"page","link":"https:\/\/ecolebiodanzamanosque.com\/index.php\/liens-utiles\/","title":{"rendered":"Liens utiles"},"content":{"rendered":"\n<div style=\"height:30px\" aria-hidden=\"true\" class=\"wp-block-spacer\"><\/div>\n\n\n\n<h4 class=\"wp-block-heading has-text-color\" style=\"color:#8bc34a;font-size:25px\">A<strong>ssociation des professionnels de Biodanza en r\u00e9gion PACA<\/strong><\/h4>\n\n\n\n<div class=\"wp-block-media-text alignwide is-stacked-on-mobile\" style=\"grid-template-columns:21% auto\"><figure class=\"wp-block-media-text__media\"><a href=\"https:\/\/www.apbpaca.com\/\" target=\"_blank\" rel=\"noreferrer noopener\"><img decoding=\"async\" width=\"192\" height=\"86\" src=\"https:\/\/ecolebiodanzamanosque.com\/wp-content\/uploads\/2023\/02\/logo-apbpaca.jpg\" alt=\"\" class=\"wp-image-514 size-full\"\/><\/a><\/figure><div class=\"wp-block-media-text__content\">\n<p>La Biodanza en r\u00e9gion Paca. Trouver un cours hebdomadaire, un stage.  <\/p>\n<\/div><\/div>\n\n\n\n<div style=\"height:20px\" aria-hidden=\"true\" class=\"wp-block-spacer\"><\/div>\n\n\n\n<h4 class=\"wp-block-heading has-text-color\" style=\"color:#8bc34a;font-size:25px\"><strong>F\u00e9d\u00e9ration Fran\u00e7aise des professionnels de Biodanza<\/strong><\/h4>\n\n\n\n<div class=\"wp-block-media-text alignwide is-stacked-on-mobile\" style=\"grid-template-columns:21% auto\"><figure class=\"wp-block-media-text__media\"><a href=\"https:\/\/www.biodanza-federation-france.com\/\" target=\"_blank\" rel=\"noreferrer noopener\"><img fetchpriority=\"high\" decoding=\"async\" width=\"250\" height=\"250\" src=\"https:\/\/ecolebiodanzamanosque.com\/wp-content\/uploads\/2023\/02\/logo-federation.png\" alt=\"\" class=\"wp-image-522 size-full\" srcset=\"https:\/\/ecolebiodanzamanosque.com\/wp-content\/uploads\/2023\/02\/logo-federation.png 250w, https:\/\/ecolebiodanzamanosque.com\/wp-content\/uploads\/2023\/02\/logo-federation-150x150.png 150w\" sizes=\"(max-width: 250px) 100vw, 250px\" \/><\/a><\/figure><div class=\"wp-block-media-text__content\">\n<p>La Biodanza en France<\/p>\n<\/div><\/div>\n\n\n\n<div style=\"height:20px\" aria-hidden=\"true\" class=\"wp-block-spacer\"><\/div>\n\n\n\n<h4 class=\"wp-block-heading has-text-color\" style=\"color:#8bc34a;font-size:25px\"><strong>Association des \u00e9coles de Biodanza en France<\/strong><\/h4>\n\n\n\n<div class=\"wp-block-media-text alignwide is-stacked-on-mobile\" style=\"grid-template-columns:21% auto\"><figure class=\"wp-block-media-text__media\"><a href=\"https:\/\/www.asseb-france.org\/\" target=\"_blank\" rel=\"noreferrer noopener\"><img decoding=\"async\" width=\"1024\" height=\"552\" src=\"https:\/\/ecolebiodanzamanosque.com\/wp-content\/uploads\/2023\/02\/Logo-ASSEB-1024x552.png\" alt=\"\" class=\"wp-image-531 size-full\" srcset=\"https:\/\/ecolebiodanzamanosque.com\/wp-content\/uploads\/2023\/02\/Logo-ASSEB-1024x552.png 1024w, https:\/\/ecolebiodanzamanosque.com\/wp-content\/uploads\/2023\/02\/Logo-ASSEB-300x162.png 300w, https:\/\/ecolebiodanzamanosque.com\/wp-content\/uploads\/2023\/02\/Logo-ASSEB-768x414.png 768w, https:\/\/ecolebiodanzamanosque.com\/wp-content\/uploads\/2023\/02\/Logo-ASSEB-501x270.png 501w, https:\/\/ecolebiodanzamanosque.com\/wp-content\/uploads\/2023\/02\/Logo-ASSEB.png 1500w\" sizes=\"(max-width: 1024px) 100vw, 1024px\" \/><\/a><\/figure><div class=\"wp-block-media-text__content\">\n<p>Les \u00e9coles de Biodanza en France<\/p>\n<\/div><\/div>\n\n\n\n<div style=\"height:20px\" aria-hidden=\"true\" class=\"wp-block-spacer\"><\/div>\n\n\n\n<h4 class=\"wp-block-heading has-text-color\" style=\"color:#8bc34a;font-size:25px\"><strong>F\u00e9d\u00e9ration internationale de Biodanza<\/strong><\/h4>\n\n\n\n<div class=\"wp-block-media-text alignwide is-stacked-on-mobile\" style=\"grid-template-columns:21% auto\"><figure class=\"wp-block-media-text__media\"><a href=\"https:\/\/www.biodanza.org\" target=\"_blank\" rel=\"noreferrer noopener\"><img loading=\"lazy\" decoding=\"async\" width=\"1024\" height=\"1024\" src=\"https:\/\/ecolebiodanzamanosque.com\/wp-content\/uploads\/2024\/04\/1-ibfed-logo-1024x1024.png\" alt=\"\" class=\"wp-image-2153 size-full\" srcset=\"https:\/\/ecolebiodanzamanosque.com\/wp-content\/uploads\/2024\/04\/1-ibfed-logo-1024x1024.png 1024w, https:\/\/ecolebiodanzamanosque.com\/wp-content\/uploads\/2024\/04\/1-ibfed-logo-300x300.png 300w, https:\/\/ecolebiodanzamanosque.com\/wp-content\/uploads\/2024\/04\/1-ibfed-logo-150x150.png 150w, https:\/\/ecolebiodanzamanosque.com\/wp-content\/uploads\/2024\/04\/1-ibfed-logo-768x768.png 768w, https:\/\/ecolebiodanzamanosque.com\/wp-content\/uploads\/2024\/04\/1-ibfed-logo-1536x1536.png 1536w, https:\/\/ecolebiodanzamanosque.com\/wp-content\/uploads\/2024\/04\/1-ibfed-logo-2048x2048.png 2048w\" sizes=\"(max-width: 1024px) 100vw, 1024px\" \/><\/a><\/figure><div class=\"wp-block-media-text__content\">\n<p>La Biodanza dans le monde<\/p>\n<\/div><\/div>\n\n\n\n<div style=\"height:20px\" aria-hidden=\"true\" class=\"wp-block-spacer\"><\/div>\n\n\n\n<h4 class=\"wp-block-heading has-text-color\" style=\"color:#8bc34a;font-size:25px\"><strong>Biodanza-Meeting<\/strong><\/h4>\n\n\n\n<div class=\"wp-block-media-text alignwide is-stacked-on-mobile\" style=\"grid-template-columns:20% auto\"><figure class=\"wp-block-media-text__media\"><a href=\"https:\/\/biodanza-meeting.com\/fr\/\" target=\"_blank\" rel=\"noreferrer noopener\"><img loading=\"lazy\" decoding=\"async\" width=\"130\" height=\"125\" src=\"https:\/\/ecolebiodanzamanosque.com\/wp-content\/uploads\/2023\/02\/logo-meeting.jpg\" alt=\"\" class=\"wp-image-527 size-full\"\/><\/a><\/figure><div class=\"wp-block-media-text__content\">\n<p>Cartes des cours hebdomadaires, des stages, des \u00e9coles, des actions sociales, des \u00e9v\u00e8nements dans le monde. <\/p>\n<\/div><\/div>\n","protected":false},"excerpt":{"rendered":"<p>Association des professionnels de Biodanza en r\u00e9gion PACA La Biodanza en r\u00e9gion Paca. Trouver un cours hebdomadaire, un stage. F\u00e9d\u00e9ration Fran\u00e7aise des professionnels de Biodanza La Biodanza en France Association des \u00e9coles de Biodanza en France Les \u00e9coles de Biodanza en France F\u00e9d\u00e9ration internationale de Biodanza La Biodanza dans le monde Biodanza-Meeting Cartes des cours hebdomadaires, des stages, des \u00e9coles, [&hellip;]<\/p>\n","protected":false},"author":1,"featured_media":0,"parent":0,"menu_order":0,"comment_status":"closed","ping_status":"closed","template":"","meta":{"_eb_attr":"","footnotes":""},"class_list":["post-513","page","type-page","status-publish","hentry"],"yoast_head":"<!-- This site is optimized with the Yoast SEO plugin v26.6 - https:\/\/yoast.com\/wordpress\/plugins\/seo\/ -->\n<title>Liens utiles - Ecole de Biodanza de Manosque<\/title>\n<meta name=\"robots\" content=\"index, follow, max-snippet:-1, max-image-preview:large, max-video-preview:-1\" \/>\n<link rel=\"canonical\" href=\"https:\/\/ecolebiodanzamanosque.com\/index.php\/liens-utiles\/\" \/>\n<meta property=\"og:locale\" content=\"fr_FR\" \/>\n<meta property=\"og:type\" content=\"article\" \/>\n<meta property=\"og:title\" content=\"Liens utiles - Ecole de Biodanza de Manosque\" \/>\n<meta property=\"og:description\" content=\"Association des professionnels de Biodanza en r\u00e9gion PACA La Biodanza en r\u00e9gion Paca. Trouver un cours hebdomadaire, un stage. F\u00e9d\u00e9ration Fran\u00e7aise des professionnels de Biodanza La Biodanza en France Association des \u00e9coles de Biodanza en France Les \u00e9coles de Biodanza en France F\u00e9d\u00e9ration internationale de Biodanza La Biodanza dans le monde Biodanza-Meeting Cartes des cours hebdomadaires, des stages, des \u00e9coles, [&hellip;]\" \/>\n<meta property=\"og:url\" content=\"https:\/\/ecolebiodanzamanosque.com\/index.php\/liens-utiles\/\" \/>\n<meta property=\"og:site_name\" content=\"Ecole de Biodanza de Manosque\" \/>\n<meta property=\"article:modified_time\" content=\"2024-04-26T15:12:44+00:00\" \/>\n<meta property=\"og:image\" content=\"http:\/\/ecolebiodanzamanosque.com\/wp-content\/uploads\/2023\/02\/logo-apbpaca.jpg\" \/>\n<meta name=\"twitter:card\" content=\"summary_large_image\" \/>\n<meta name=\"twitter:label1\" content=\"Dur\u00e9e de lecture estim\u00e9e\" \/>\n\t<meta name=\"twitter:data1\" content=\"2 minutes\" \/>\n<script type=\"application\/ld+json\" class=\"yoast-schema-graph\">{\"@context\":\"https:\/\/schema.org\",\"@graph\":[{\"@type\":\"WebPage\",\"@id\":\"https:\/\/ecolebiodanzamanosque.com\/index.php\/liens-utiles\/\",\"url\":\"https:\/\/ecolebiodanzamanosque.com\/index.php\/liens-utiles\/\",\"name\":\"Liens utiles - Ecole de Biodanza de Manosque\",\"isPartOf\":{\"@id\":\"https:\/\/ecolebiodanzamanosque.com\/#website\"},\"primaryImageOfPage\":{\"@id\":\"https:\/\/ecolebiodanzamanosque.com\/index.php\/liens-utiles\/#primaryimage\"},\"image\":{\"@id\":\"https:\/\/ecolebiodanzamanosque.com\/index.php\/liens-utiles\/#primaryimage\"},\"thumbnailUrl\":\"http:\/\/ecolebiodanzamanosque.com\/wp-content\/uploads\/2023\/02\/logo-apbpaca.jpg\",\"datePublished\":\"2023-02-01T14:24:16+00:00\",\"dateModified\":\"2024-04-26T15:12:44+00:00\",\"breadcrumb\":{\"@id\":\"https:\/\/ecolebiodanzamanosque.com\/index.php\/liens-utiles\/#breadcrumb\"},\"inLanguage\":\"fr-FR\",\"potentialAction\":[{\"@type\":\"ReadAction\",\"target\":[\"https:\/\/ecolebiodanzamanosque.com\/index.php\/liens-utiles\/\"]}]},{\"@type\":\"ImageObject\",\"inLanguage\":\"fr-FR\",\"@id\":\"https:\/\/ecolebiodanzamanosque.com\/index.php\/liens-utiles\/#primaryimage\",\"url\":\"http:\/\/ecolebiodanzamanosque.com\/wp-content\/uploads\/2023\/02\/logo-apbpaca.jpg\",\"contentUrl\":\"http:\/\/ecolebiodanzamanosque.com\/wp-content\/uploads\/2023\/02\/logo-apbpaca.jpg\"},{\"@type\":\"BreadcrumbList\",\"@id\":\"https:\/\/ecolebiodanzamanosque.com\/index.php\/liens-utiles\/#breadcrumb\",\"itemListElement\":[{\"@type\":\"ListItem\",\"position\":1,\"name\":\"Accueil\",\"item\":\"https:\/\/ecolebiodanzamanosque.com\/\"},{\"@type\":\"ListItem\",\"position\":2,\"name\":\"Liens utiles\"}]},{\"@type\":\"WebSite\",\"@id\":\"https:\/\/ecolebiodanzamanosque.com\/#website\",\"url\":\"https:\/\/ecolebiodanzamanosque.com\/\",\"name\":\"EcoleBiodanzaManosque\",\"description\":\"Formation de facilitateurs et de facilitatrices\",\"publisher\":{\"@id\":\"https:\/\/ecolebiodanzamanosque.com\/#organization\"},\"potentialAction\":[{\"@type\":\"SearchAction\",\"target\":{\"@type\":\"EntryPoint\",\"urlTemplate\":\"https:\/\/ecolebiodanzamanosque.com\/?s={search_term_string}\"},\"query-input\":{\"@type\":\"PropertyValueSpecification\",\"valueRequired\":true,\"valueName\":\"search_term_string\"}}],\"inLanguage\":\"fr-FR\"},{\"@type\":\"Organization\",\"@id\":\"https:\/\/ecolebiodanzamanosque.com\/#organization\",\"name\":\"EcoleBiodanzaManosque\",\"url\":\"https:\/\/ecolebiodanzamanosque.com\/\",\"logo\":{\"@type\":\"ImageObject\",\"inLanguage\":\"fr-FR\",\"@id\":\"https:\/\/ecolebiodanzamanosque.com\/#\/schema\/logo\/image\/\",\"url\":\"https:\/\/ecolebiodanzamanosque.com\/wp-content\/uploads\/2023\/03\/logo-biodanza-vert2-MODIF.png\",\"contentUrl\":\"https:\/\/ecolebiodanzamanosque.com\/wp-content\/uploads\/2023\/03\/logo-biodanza-vert2-MODIF.png\",\"width\":1110,\"height\":1106,\"caption\":\"EcoleBiodanzaManosque\"},\"image\":{\"@id\":\"https:\/\/ecolebiodanzamanosque.com\/#\/schema\/logo\/image\/\"}}]}<\/script>\n<!-- \/ Yoast SEO plugin. -->","yoast_head_json":{"title":"Liens utiles - Ecole de Biodanza de Manosque","robots":{"index":"index","follow":"follow","max-snippet":"max-snippet:-1","max-image-preview":"max-image-preview:large","max-video-preview":"max-video-preview:-1"},"canonical":"https:\/\/ecolebiodanzamanosque.com\/index.php\/liens-utiles\/","og_locale":"fr_FR","og_type":"article","og_title":"Liens utiles - Ecole de Biodanza de Manosque","og_description":"Association des professionnels de Biodanza en r\u00e9gion PACA La Biodanza en r\u00e9gion Paca. Trouver un cours hebdomadaire, un stage. F\u00e9d\u00e9ration Fran\u00e7aise des professionnels de Biodanza La Biodanza en France Association des \u00e9coles de Biodanza en France Les \u00e9coles de Biodanza en France F\u00e9d\u00e9ration internationale de Biodanza La Biodanza dans le monde Biodanza-Meeting Cartes des cours hebdomadaires, des stages, des \u00e9coles, [&hellip;]","og_url":"https:\/\/ecolebiodanzamanosque.com\/index.php\/liens-utiles\/","og_site_name":"Ecole de Biodanza de Manosque","article_modified_time":"2024-04-26T15:12:44+00:00","og_image":[{"url":"http:\/\/ecolebiodanzamanosque.com\/wp-content\/uploads\/2023\/02\/logo-apbpaca.jpg","type":"","width":"","height":""}],"twitter_card":"summary_large_image","twitter_misc":{"Dur\u00e9e de lecture estim\u00e9e":"2 minutes"},"schema":{"@context":"https:\/\/schema.org","@graph":[{"@type":"WebPage","@id":"https:\/\/ecolebiodanzamanosque.com\/index.php\/liens-utiles\/","url":"https:\/\/ecolebiodanzamanosque.com\/index.php\/liens-utiles\/","name":"Liens utiles - Ecole de Biodanza de Manosque","isPartOf":{"@id":"https:\/\/ecolebiodanzamanosque.com\/#website"},"primaryImageOfPage":{"@id":"https:\/\/ecolebiodanzamanosque.com\/index.php\/liens-utiles\/#primaryimage"},"image":{"@id":"https:\/\/ecolebiodanzamanosque.com\/index.php\/liens-utiles\/#primaryimage"},"thumbnailUrl":"http:\/\/ecolebiodanzamanosque.com\/wp-content\/uploads\/2023\/02\/logo-apbpaca.jpg","datePublished":"2023-02-01T14:24:16+00:00","dateModified":"2024-04-26T15:12:44+00:00","breadcrumb":{"@id":"https:\/\/ecolebiodanzamanosque.com\/index.php\/liens-utiles\/#breadcrumb"},"inLanguage":"fr-FR","potentialAction":[{"@type":"ReadAction","target":["https:\/\/ecolebiodanzamanosque.com\/index.php\/liens-utiles\/"]}]},{"@type":"ImageObject","inLanguage":"fr-FR","@id":"https:\/\/ecolebiodanzamanosque.com\/index.php\/liens-utiles\/#primaryimage","url":"http:\/\/ecolebiodanzamanosque.com\/wp-content\/uploads\/2023\/02\/logo-apbpaca.jpg","contentUrl":"http:\/\/ecolebiodanzamanosque.com\/wp-content\/uploads\/2023\/02\/logo-apbpaca.jpg"},{"@type":"BreadcrumbList","@id":"https:\/\/ecolebiodanzamanosque.com\/index.php\/liens-utiles\/#breadcrumb","itemListElement":[{"@type":"ListItem","position":1,"name":"Accueil","item":"https:\/\/ecolebiodanzamanosque.com\/"},{"@type":"ListItem","position":2,"name":"Liens utiles"}]},{"@type":"WebSite","@id":"https:\/\/ecolebiodanzamanosque.com\/#website","url":"https:\/\/ecolebiodanzamanosque.com\/","name":"EcoleBiodanzaManosque","description":"Formation de facilitateurs et de facilitatrices","publisher":{"@id":"https:\/\/ecolebiodanzamanosque.com\/#organization"},"potentialAction":[{"@type":"SearchAction","target":{"@type":"EntryPoint","urlTemplate":"https:\/\/ecolebiodanzamanosque.com\/?s={search_term_string}"},"query-input":{"@type":"PropertyValueSpecification","valueRequired":true,"valueName":"search_term_string"}}],"inLanguage":"fr-FR"},{"@type":"Organization","@id":"https:\/\/ecolebiodanzamanosque.com\/#organization","name":"EcoleBiodanzaManosque","url":"https:\/\/ecolebiodanzamanosque.com\/","logo":{"@type":"ImageObject","inLanguage":"fr-FR","@id":"https:\/\/ecolebiodanzamanosque.com\/#\/schema\/logo\/image\/","url":"https:\/\/ecolebiodanzamanosque.com\/wp-content\/uploads\/2023\/03\/logo-biodanza-vert2-MODIF.png","contentUrl":"https:\/\/ecolebiodanzamanosque.com\/wp-content\/uploads\/2023\/03\/logo-biodanza-vert2-MODIF.png","width":1110,"height":1106,"caption":"EcoleBiodanzaManosque"},"image":{"@id":"https:\/\/ecolebiodanzamanosque.com\/#\/schema\/logo\/image\/"}}]}},"_links":{"self":[{"href":"https:\/\/ecolebiodanzamanosque.com\/index.php\/wp-json\/wp\/v2\/pages\/513","targetHints":{"allow":["GET"]}}],"collection":[{"href":"https:\/\/ecolebiodanzamanosque.com\/index.php\/wp-json\/wp\/v2\/pages"}],"about":[{"href":"https:\/\/ecolebiodanzamanosque.com\/index.php\/wp-json\/wp\/v2\/types\/page"}],"author":[{"embeddable":true,"href":"https:\/\/ecolebiodanzamanosque.com\/index.php\/wp-json\/wp\/v2\/users\/1"}],"replies":[{"embeddable":true,"href":"https:\/\/ecolebiodanzamanosque.com\/index.php\/wp-json\/wp\/v2\/comments?post=513"}],"version-history":[{"count":23,"href":"https:\/\/ecolebiodanzamanosque.com\/index.php\/wp-json\/wp\/v2\/pages\/513\/revisions"}],"predecessor-version":[{"id":2170,"href":"https:\/\/ecolebiodanzamanosque.com\/index.php\/wp-json\/wp\/v2\/pages\/513\/revisions\/2170"}],"wp:attachment":[{"href":"https:\/\/ecolebiodanzamanosque.com\/index.php\/wp-json\/wp\/v2\/media?parent=513"}],"curies":[{"name":"wp","href":"https:\/\/api.w.org\/{rel}","templated":true}]}}