{"id":908,"date":"2023-02-20T10:34:04","date_gmt":"2023-02-20T10:34:04","guid":{"rendered":"https:\/\/ecolebiodanzamanosque.com\/?page_id=908"},"modified":"2023-04-12T12:48:06","modified_gmt":"2023-04-12T12:48:06","slug":"etre-facilitatrice-ou-facilitateur-de-biodanza","status":"publish","type":"page","link":"https:\/\/ecolebiodanzamanosque.com\/index.php\/etre-facilitatrice-ou-facilitateur-de-biodanza\/","title":{"rendered":"\u00catre Facilitatrice ou Facilitateur de Biodanza"},"content":{"rendered":"\n<p>Suivre la formation et \u00eatre facilitateur est une aventure existentielle qui peut nous ouvrir \u00e0 un spectre de connaissances dans l&rsquo;ensemble des sciences du vivant et qui peut induire une profonde transformation humaine potentialisant la vie.<\/p>\n\n\n\n<div style=\"height:30px\" aria-hidden=\"true\" class=\"wp-block-spacer\"><\/div>\n\n\n\n<div class=\"wp-block-media-text alignwide is-stacked-on-mobile\" style=\"grid-template-columns:28% auto\"><figure class=\"wp-block-media-text__media\"><img fetchpriority=\"high\" decoding=\"async\" width=\"259\" height=\"194\" src=\"https:\/\/ecolebiodanzamanosque.com\/wp-content\/uploads\/2023\/03\/RTA-5.jpg\" alt=\"\" class=\"wp-image-1738 size-full\"\/><\/figure><div class=\"wp-block-media-text__content\">\n<blockquote class=\"wp-block-quote is-layout-flow wp-block-quote-is-layout-flow\">\n<p>\u00ab\u00a0La formation de professeur de Biodanza consiste essentiellement \u00e0 d\u00e9couvrir une mission, \u00e0 transmettre l&rsquo;\u00e9tat de gr\u00e2ce, \u00e0 montrer de nouveaux chemins pour exercer l&rsquo;amour et \u00e9veiller la conscience illumin\u00e9e.\u00a0\u00bb<\/p>\n<cite>Rolando Toro Araneda<\/cite><\/blockquote>\n<\/div><\/div>\n\n\n\n<div style=\"height:30px\" aria-hidden=\"true\" class=\"wp-block-spacer\"><\/div>\n\n\n\n<p>Tout en continuant \u00e0 stimuler ses propres potentialit\u00e9s, le facilitateur par sa propre exp\u00e9rience vivencielle et ses propres recherches, accompagne les personnes dans leur propre processus d&rsquo;\u00e9volution. <\/p>\n\n\n\n<p>Il doit avoir l&rsquo;humilit\u00e9 de ne poss\u00e9der aucune solution. En revanche il doit avoir la capacit\u00e9 de stimuler chez les personnes le courage d&rsquo;avancer sur leur propre chemin, avec bienveillance, empathie, progressivit\u00e9 et un profond respect pour chacune.<\/p>\n\n\n\n<div style=\"height:30px\" aria-hidden=\"true\" class=\"wp-block-spacer\"><\/div>\n\n\n\n<blockquote class=\"wp-block-quote is-layout-flow wp-block-quote-is-layout-flow\">\n<div class=\"wp-block-group is-vertical is-content-justification-center is-layout-flex wp-container-core-group-is-layout-4b2eccd6 wp-block-group-is-layout-flex\">\n<p class=\"has-text-align-center\">Le facilitateur n&rsquo;est pas un \u00eatre \u00ab\u00a0accompli\u00a0\u00bb. <\/p>\n\n\n\n<p class=\"has-text-align-center\">Il s&rsquo;inscrit constamment dans un processus \u00e9volutif. <\/p>\n\n\n\n<p class=\"has-text-align-center\">Il \u00e9volue avec le groupe de Biodanza qu&rsquo;il facilite. <\/p>\n\n\n\n<p class=\"has-text-align-center\">Il tend toujours \u00e0 \u00e9veiller en lui et en chacun <\/p>\n\n\n\n<p class=\"has-text-align-center\">l&rsquo; \u00ab\u00a0<strong>essence fondamentalement bonne<\/strong>\u00a0\u00bb de l&rsquo;\u00eatre humain.   <\/p>\n<\/div>\n<\/blockquote>\n\n\n\n<div style=\"height:30px\" aria-hidden=\"true\" class=\"wp-block-spacer\"><\/div>\n\n\n\n<div class=\"wp-block-buttons is-content-justification-center is-layout-flex wp-container-core-buttons-is-layout-16018d1d wp-block-buttons-is-layout-flex\">\n<div class=\"wp-block-button has-custom-font-size is-style-outline is-style-outline--1\" style=\"font-size:15px\"><a class=\"wp-block-button__link has-black-color has-text-color has-background wp-element-button\" href=\"https:\/\/ecolebiodanzamanosque.com\/wp-content\/uploads\/2023\/02\/lettre-de-Rolando-Toro-14-02-2010-VF.pdf\" style=\"background-color:#9bda95d9\" target=\"_blank\" rel=\"noreferrer noopener\">Lettre de Rolando Toro Araneda adress\u00e9e aux facilitateurs<\/a><\/div>\n<\/div>\n","protected":false},"excerpt":{"rendered":"<p>Suivre la formation et \u00eatre facilitateur est une aventure existentielle qui peut nous ouvrir \u00e0 un spectre de connaissances dans l&rsquo;ensemble des sciences du vivant et qui peut induire une profonde transformation humaine potentialisant la vie. Tout en continuant \u00e0 stimuler ses propres potentialit\u00e9s, le facilitateur par sa propre exp\u00e9rience vivencielle et ses propres recherches, accompagne les personnes dans leur [&hellip;]<\/p>\n","protected":false},"author":1,"featured_media":0,"parent":0,"menu_order":0,"comment_status":"closed","ping_status":"closed","template":"","meta":{"_eb_attr":"","footnotes":""},"class_list":["post-908","page","type-page","status-publish","hentry"],"yoast_head":"<!-- This site is optimized with the Yoast SEO plugin v26.6 - https:\/\/yoast.com\/wordpress\/plugins\/seo\/ -->\n<title>\u00catre Facilitatrice ou Facilitateur de Biodanza - Ecole de Biodanza de Manosque<\/title>\n<meta name=\"description\" content=\"Description de la mission de la facilitatrice et du facilitateur de Biodanza, de son processus de formation et de d\u00e9veloppement.\" \/>\n<meta name=\"robots\" content=\"index, follow, max-snippet:-1, max-image-preview:large, max-video-preview:-1\" \/>\n<link rel=\"canonical\" href=\"https:\/\/ecolebiodanzamanosque.com\/index.php\/etre-facilitatrice-ou-facilitateur-de-biodanza\/\" \/>\n<meta property=\"og:locale\" content=\"fr_FR\" \/>\n<meta property=\"og:type\" content=\"article\" \/>\n<meta property=\"og:title\" content=\"\u00catre Facilitatrice ou Facilitateur de Biodanza - Ecole de Biodanza de Manosque\" \/>\n<meta property=\"og:description\" content=\"Description de la mission de la facilitatrice et du facilitateur de Biodanza, de son processus de formation et de d\u00e9veloppement.\" \/>\n<meta property=\"og:url\" content=\"https:\/\/ecolebiodanzamanosque.com\/index.php\/etre-facilitatrice-ou-facilitateur-de-biodanza\/\" \/>\n<meta property=\"og:site_name\" content=\"Ecole de Biodanza de Manosque\" \/>\n<meta property=\"article:modified_time\" content=\"2023-04-12T12:48:06+00:00\" \/>\n<meta property=\"og:image\" content=\"https:\/\/ecolebiodanzamanosque.com\/wp-content\/uploads\/2023\/03\/RTA-5.jpg\" \/>\n<meta name=\"twitter:card\" content=\"summary_large_image\" \/>\n<meta name=\"twitter:label1\" content=\"Dur\u00e9e de lecture estim\u00e9e\" \/>\n\t<meta name=\"twitter:data1\" content=\"2 minutes\" \/>\n<script type=\"application\/ld+json\" class=\"yoast-schema-graph\">{\"@context\":\"https:\/\/schema.org\",\"@graph\":[{\"@type\":\"WebPage\",\"@id\":\"https:\/\/ecolebiodanzamanosque.com\/index.php\/etre-facilitatrice-ou-facilitateur-de-biodanza\/\",\"url\":\"https:\/\/ecolebiodanzamanosque.com\/index.php\/etre-facilitatrice-ou-facilitateur-de-biodanza\/\",\"name\":\"\u00catre Facilitatrice ou Facilitateur de Biodanza - Ecole de Biodanza de Manosque\",\"isPartOf\":{\"@id\":\"https:\/\/ecolebiodanzamanosque.com\/#website\"},\"primaryImageOfPage\":{\"@id\":\"https:\/\/ecolebiodanzamanosque.com\/index.php\/etre-facilitatrice-ou-facilitateur-de-biodanza\/#primaryimage\"},\"image\":{\"@id\":\"https:\/\/ecolebiodanzamanosque.com\/index.php\/etre-facilitatrice-ou-facilitateur-de-biodanza\/#primaryimage\"},\"thumbnailUrl\":\"https:\/\/ecolebiodanzamanosque.com\/wp-content\/uploads\/2023\/03\/RTA-5.jpg\",\"datePublished\":\"2023-02-20T10:34:04+00:00\",\"dateModified\":\"2023-04-12T12:48:06+00:00\",\"description\":\"Description de la mission de la facilitatrice et du facilitateur de Biodanza, de son processus de formation et de d\u00e9veloppement.\",\"breadcrumb\":{\"@id\":\"https:\/\/ecolebiodanzamanosque.com\/index.php\/etre-facilitatrice-ou-facilitateur-de-biodanza\/#breadcrumb\"},\"inLanguage\":\"fr-FR\",\"potentialAction\":[{\"@type\":\"ReadAction\",\"target\":[\"https:\/\/ecolebiodanzamanosque.com\/index.php\/etre-facilitatrice-ou-facilitateur-de-biodanza\/\"]}]},{\"@type\":\"ImageObject\",\"inLanguage\":\"fr-FR\",\"@id\":\"https:\/\/ecolebiodanzamanosque.com\/index.php\/etre-facilitatrice-ou-facilitateur-de-biodanza\/#primaryimage\",\"url\":\"https:\/\/ecolebiodanzamanosque.com\/wp-content\/uploads\/2023\/03\/RTA-5.jpg\",\"contentUrl\":\"https:\/\/ecolebiodanzamanosque.com\/wp-content\/uploads\/2023\/03\/RTA-5.jpg\",\"width\":259,\"height\":194},{\"@type\":\"BreadcrumbList\",\"@id\":\"https:\/\/ecolebiodanzamanosque.com\/index.php\/etre-facilitatrice-ou-facilitateur-de-biodanza\/#breadcrumb\",\"itemListElement\":[{\"@type\":\"ListItem\",\"position\":1,\"name\":\"Accueil\",\"item\":\"https:\/\/ecolebiodanzamanosque.com\/\"},{\"@type\":\"ListItem\",\"position\":2,\"name\":\"\u00catre Facilitatrice ou Facilitateur de Biodanza\"}]},{\"@type\":\"WebSite\",\"@id\":\"https:\/\/ecolebiodanzamanosque.com\/#website\",\"url\":\"https:\/\/ecolebiodanzamanosque.com\/\",\"name\":\"EcoleBiodanzaManosque\",\"description\":\"Formation de facilitateurs et de facilitatrices\",\"publisher\":{\"@id\":\"https:\/\/ecolebiodanzamanosque.com\/#organization\"},\"potentialAction\":[{\"@type\":\"SearchAction\",\"target\":{\"@type\":\"EntryPoint\",\"urlTemplate\":\"https:\/\/ecolebiodanzamanosque.com\/?s={search_term_string}\"},\"query-input\":{\"@type\":\"PropertyValueSpecification\",\"valueRequired\":true,\"valueName\":\"search_term_string\"}}],\"inLanguage\":\"fr-FR\"},{\"@type\":\"Organization\",\"@id\":\"https:\/\/ecolebiodanzamanosque.com\/#organization\",\"name\":\"EcoleBiodanzaManosque\",\"url\":\"https:\/\/ecolebiodanzamanosque.com\/\",\"logo\":{\"@type\":\"ImageObject\",\"inLanguage\":\"fr-FR\",\"@id\":\"https:\/\/ecolebiodanzamanosque.com\/#\/schema\/logo\/image\/\",\"url\":\"https:\/\/ecolebiodanzamanosque.com\/wp-content\/uploads\/2023\/03\/logo-biodanza-vert2-MODIF.png\",\"contentUrl\":\"https:\/\/ecolebiodanzamanosque.com\/wp-content\/uploads\/2023\/03\/logo-biodanza-vert2-MODIF.png\",\"width\":1110,\"height\":1106,\"caption\":\"EcoleBiodanzaManosque\"},\"image\":{\"@id\":\"https:\/\/ecolebiodanzamanosque.com\/#\/schema\/logo\/image\/\"}}]}<\/script>\n<!-- \/ Yoast SEO plugin. -->","yoast_head_json":{"title":"\u00catre Facilitatrice ou Facilitateur de Biodanza - Ecole de Biodanza de Manosque","description":"Description de la mission de la facilitatrice et du facilitateur de Biodanza, de son processus de formation et de d\u00e9veloppement.","robots":{"index":"index","follow":"follow","max-snippet":"max-snippet:-1","max-image-preview":"max-image-preview:large","max-video-preview":"max-video-preview:-1"},"canonical":"https:\/\/ecolebiodanzamanosque.com\/index.php\/etre-facilitatrice-ou-facilitateur-de-biodanza\/","og_locale":"fr_FR","og_type":"article","og_title":"\u00catre Facilitatrice ou Facilitateur de Biodanza - Ecole de Biodanza de Manosque","og_description":"Description de la mission de la facilitatrice et du facilitateur de Biodanza, de son processus de formation et de d\u00e9veloppement.","og_url":"https:\/\/ecolebiodanzamanosque.com\/index.php\/etre-facilitatrice-ou-facilitateur-de-biodanza\/","og_site_name":"Ecole de Biodanza de Manosque","article_modified_time":"2023-04-12T12:48:06+00:00","og_image":[{"url":"https:\/\/ecolebiodanzamanosque.com\/wp-content\/uploads\/2023\/03\/RTA-5.jpg","type":"","width":"","height":""}],"twitter_card":"summary_large_image","twitter_misc":{"Dur\u00e9e de lecture estim\u00e9e":"2 minutes"},"schema":{"@context":"https:\/\/schema.org","@graph":[{"@type":"WebPage","@id":"https:\/\/ecolebiodanzamanosque.com\/index.php\/etre-facilitatrice-ou-facilitateur-de-biodanza\/","url":"https:\/\/ecolebiodanzamanosque.com\/index.php\/etre-facilitatrice-ou-facilitateur-de-biodanza\/","name":"\u00catre Facilitatrice ou Facilitateur de Biodanza - Ecole de Biodanza de Manosque","isPartOf":{"@id":"https:\/\/ecolebiodanzamanosque.com\/#website"},"primaryImageOfPage":{"@id":"https:\/\/ecolebiodanzamanosque.com\/index.php\/etre-facilitatrice-ou-facilitateur-de-biodanza\/#primaryimage"},"image":{"@id":"https:\/\/ecolebiodanzamanosque.com\/index.php\/etre-facilitatrice-ou-facilitateur-de-biodanza\/#primaryimage"},"thumbnailUrl":"https:\/\/ecolebiodanzamanosque.com\/wp-content\/uploads\/2023\/03\/RTA-5.jpg","datePublished":"2023-02-20T10:34:04+00:00","dateModified":"2023-04-12T12:48:06+00:00","description":"Description de la mission de la facilitatrice et du facilitateur de Biodanza, de son processus de formation et de d\u00e9veloppement.","breadcrumb":{"@id":"https:\/\/ecolebiodanzamanosque.com\/index.php\/etre-facilitatrice-ou-facilitateur-de-biodanza\/#breadcrumb"},"inLanguage":"fr-FR","potentialAction":[{"@type":"ReadAction","target":["https:\/\/ecolebiodanzamanosque.com\/index.php\/etre-facilitatrice-ou-facilitateur-de-biodanza\/"]}]},{"@type":"ImageObject","inLanguage":"fr-FR","@id":"https:\/\/ecolebiodanzamanosque.com\/index.php\/etre-facilitatrice-ou-facilitateur-de-biodanza\/#primaryimage","url":"https:\/\/ecolebiodanzamanosque.com\/wp-content\/uploads\/2023\/03\/RTA-5.jpg","contentUrl":"https:\/\/ecolebiodanzamanosque.com\/wp-content\/uploads\/2023\/03\/RTA-5.jpg","width":259,"height":194},{"@type":"BreadcrumbList","@id":"https:\/\/ecolebiodanzamanosque.com\/index.php\/etre-facilitatrice-ou-facilitateur-de-biodanza\/#breadcrumb","itemListElement":[{"@type":"ListItem","position":1,"name":"Accueil","item":"https:\/\/ecolebiodanzamanosque.com\/"},{"@type":"ListItem","position":2,"name":"\u00catre Facilitatrice ou Facilitateur de Biodanza"}]},{"@type":"WebSite","@id":"https:\/\/ecolebiodanzamanosque.com\/#website","url":"https:\/\/ecolebiodanzamanosque.com\/","name":"EcoleBiodanzaManosque","description":"Formation de facilitateurs et de facilitatrices","publisher":{"@id":"https:\/\/ecolebiodanzamanosque.com\/#organization"},"potentialAction":[{"@type":"SearchAction","target":{"@type":"EntryPoint","urlTemplate":"https:\/\/ecolebiodanzamanosque.com\/?s={search_term_string}"},"query-input":{"@type":"PropertyValueSpecification","valueRequired":true,"valueName":"search_term_string"}}],"inLanguage":"fr-FR"},{"@type":"Organization","@id":"https:\/\/ecolebiodanzamanosque.com\/#organization","name":"EcoleBiodanzaManosque","url":"https:\/\/ecolebiodanzamanosque.com\/","logo":{"@type":"ImageObject","inLanguage":"fr-FR","@id":"https:\/\/ecolebiodanzamanosque.com\/#\/schema\/logo\/image\/","url":"https:\/\/ecolebiodanzamanosque.com\/wp-content\/uploads\/2023\/03\/logo-biodanza-vert2-MODIF.png","contentUrl":"https:\/\/ecolebiodanzamanosque.com\/wp-content\/uploads\/2023\/03\/logo-biodanza-vert2-MODIF.png","width":1110,"height":1106,"caption":"EcoleBiodanzaManosque"},"image":{"@id":"https:\/\/ecolebiodanzamanosque.com\/#\/schema\/logo\/image\/"}}]}},"_links":{"self":[{"href":"https:\/\/ecolebiodanzamanosque.com\/index.php\/wp-json\/wp\/v2\/pages\/908","targetHints":{"allow":["GET"]}}],"collection":[{"href":"https:\/\/ecolebiodanzamanosque.com\/index.php\/wp-json\/wp\/v2\/pages"}],"about":[{"href":"https:\/\/ecolebiodanzamanosque.com\/index.php\/wp-json\/wp\/v2\/types\/page"}],"author":[{"embeddable":true,"href":"https:\/\/ecolebiodanzamanosque.com\/index.php\/wp-json\/wp\/v2\/users\/1"}],"replies":[{"embeddable":true,"href":"https:\/\/ecolebiodanzamanosque.com\/index.php\/wp-json\/wp\/v2\/comments?post=908"}],"version-history":[{"count":30,"href":"https:\/\/ecolebiodanzamanosque.com\/index.php\/wp-json\/wp\/v2\/pages\/908\/revisions"}],"predecessor-version":[{"id":1798,"href":"https:\/\/ecolebiodanzamanosque.com\/index.php\/wp-json\/wp\/v2\/pages\/908\/revisions\/1798"}],"wp:attachment":[{"href":"https:\/\/ecolebiodanzamanosque.com\/index.php\/wp-json\/wp\/v2\/media?parent=908"}],"curies":[{"name":"wp","href":"https:\/\/api.w.org\/{rel}","templated":true}]}}