{"id":95,"date":"2023-01-19T13:35:33","date_gmt":"2023-01-19T13:35:33","guid":{"rendered":"https:\/\/ecolebiodanzamanosque.com\/?page_id=95"},"modified":"2026-03-18T14:51:40","modified_gmt":"2026-03-18T14:51:40","slug":"ecole-de-biodanza-de-manosque","status":"publish","type":"page","link":"https:\/\/ecolebiodanzamanosque.com\/","title":{"rendered":"Accueil"},"content":{"rendered":"\n<div style=\"height:20px\" aria-hidden=\"true\" class=\"wp-block-spacer\"><\/div>\n\n\n\n<h4 class=\"wp-block-heading has-text-align-center has-text-color\" style=\"color:#8bc34a;font-size:42px\">Ecole de Biodanza\u00ae de Manosque<\/h4>\n\n\n\n<div style=\"height:20px\" aria-hidden=\"true\" class=\"wp-block-spacer\"><\/div>\n\n\n\n<p class=\"has-text-align-center\" style=\"font-size:18px\">Une \u00e9cole pour la formation de facilitateurs et de facilitatrices de Biodanza\u00ae afin d\u2019\u0153uvrer \u00e0 l\u2019\u00e9largissement de la communaut\u00e9 humaine dans l\u2019expression de ce qu\u2019elle a de plus lumineux.<\/p>\n\n\n\n<div style=\"height:50px\" aria-hidden=\"true\" class=\"wp-block-spacer\"><\/div>\n\n\n\n<h1 class=\"wp-block-heading has-text-align-center has-medium-font-size\"><strong>1er CYCLE DE FORMATION EN COURS  <\/strong><\/h1>\n\n\n\n<h4 class=\"wp-block-heading has-text-align-center has-medium-font-size\"><strong>(sept 2023 &#8211; juin 2026)<\/strong><\/h4>\n\n\n\n<div style=\"height:40px\" aria-hidden=\"true\" class=\"wp-block-spacer\"><\/div>\n\n\n\n<h2 class=\"wp-block-heading has-medium-font-size\">PROCHAINS STAGES DE FORMATION<\/h2>\n\n\n\n<div style=\"height:24px\" aria-hidden=\"true\" class=\"wp-block-spacer\"><\/div>\n\n\n\n<div class=\"wp-block-media-text is-stacked-on-mobile\" style=\"grid-template-columns:41% auto\"><figure class=\"wp-block-media-text__media\"><img fetchpriority=\"high\" decoding=\"async\" width=\"1024\" height=\"678\" src=\"https:\/\/ecolebiodanzamanosque.com\/wp-content\/uploads\/2026\/01\/20260112_231737-1024x678.jpg\" alt=\"\" class=\"wp-image-2452 size-full\" srcset=\"https:\/\/ecolebiodanzamanosque.com\/wp-content\/uploads\/2026\/01\/20260112_231737-1024x678.jpg 1024w, https:\/\/ecolebiodanzamanosque.com\/wp-content\/uploads\/2026\/01\/20260112_231737-300x199.jpg 300w, https:\/\/ecolebiodanzamanosque.com\/wp-content\/uploads\/2026\/01\/20260112_231737-768x508.jpg 768w, https:\/\/ecolebiodanzamanosque.com\/wp-content\/uploads\/2026\/01\/20260112_231737.jpg 1080w\" sizes=\"(max-width: 1024px) 100vw, 1024px\" \/><\/figure><div class=\"wp-block-media-text__content\">\n<div class=\"wp-block-group\"><div class=\"wp-block-group__inner-container is-layout-constrained wp-block-group-is-layout-constrained\">\n<p class=\"has-text-align-left\"><strong>METHODOLOGIE V: LE GROUPE EN BIODANZA<\/strong><\/p>\n<\/div><\/div>\n\n\n\n<p class=\"has-text-align-center\">Du 10 AU 12 avril 2026<\/p>\n<\/div><\/div>\n\n\n\n<div style=\"height:30px\" aria-hidden=\"true\" class=\"wp-block-spacer\"><\/div>\n\n\n\n<div class=\"wp-block-media-text is-stacked-on-mobile\" style=\"grid-template-columns:42% auto\"><figure class=\"wp-block-media-text__media\"><img decoding=\"async\" width=\"1024\" height=\"522\" src=\"https:\/\/ecolebiodanzamanosque.com\/wp-content\/uploads\/2026\/02\/Capture-decran-2026-02-18-a-11.27.23-1024x522.png\" alt=\"\" class=\"wp-image-2456 size-full\" srcset=\"https:\/\/ecolebiodanzamanosque.com\/wp-content\/uploads\/2026\/02\/Capture-decran-2026-02-18-a-11.27.23-1024x522.png 1024w, https:\/\/ecolebiodanzamanosque.com\/wp-content\/uploads\/2026\/02\/Capture-decran-2026-02-18-a-11.27.23-300x153.png 300w, https:\/\/ecolebiodanzamanosque.com\/wp-content\/uploads\/2026\/02\/Capture-decran-2026-02-18-a-11.27.23-768x391.png 768w, https:\/\/ecolebiodanzamanosque.com\/wp-content\/uploads\/2026\/02\/Capture-decran-2026-02-18-a-11.27.23.png 1158w\" sizes=\"(max-width: 1024px) 100vw, 1024px\" \/><\/figure><div class=\"wp-block-media-text__content\">\n<div class=\"wp-block-group\"><div class=\"wp-block-group__inner-container is-layout-constrained wp-block-group-is-layout-constrained\">\n<p><strong>METHODOLOGIE VII<\/strong>:  <strong>ETUDE DU CATALOGUE DES EXERCICES DE BIODANZA<\/strong><\/p>\n<\/div><\/div>\n\n\n\n<p class=\"has-text-align-center\">Du 12 au 14 juin 2026<\/p>\n<\/div><\/div>\n\n\n\n<div style=\"height:42px\" aria-hidden=\"true\" class=\"wp-block-spacer\"><\/div>\n\n\n\n<h2 class=\"wp-block-heading has-text-align-left has-medium-font-size\">STAGE EXCEPTIONNEL D&rsquo;APPROFONDISSEMENT<\/h2>\n\n\n\n<div style=\"height:10px\" aria-hidden=\"true\" class=\"wp-block-spacer\"><\/div>\n\n\n\n<p class=\"has-text-align-center has-medium-font-size\"><strong><mark style=\"background-color:#f78da7\" class=\"has-inline-color\">LE PROJET EVOLUTION<\/mark><\/strong><\/p>\n\n\n\n<p class=\"has-text-align-center has-medium-font-size\"><strong>Les 8,9 et 10 MAI 2026<\/strong><\/p>\n\n\n\n<p class=\"has-text-align-center\">MERVEILLEUX STAGE CREE PAR <strong>CARLOS GARCIA<\/strong>, FACILITATEUR ARGENTIN ET DIDACTICIEN, AUTEUR DES LIVRES \u00ab\u00a0EL ARTE DE DANZAR LA VIDA\u00a0\u00bb ET \u00ab\u00a0EL ASPECTO TERAPEUTICO DE LA VIVENCIA\u00a0\u00bb.<\/p>\n\n\n\n<div style=\"height:10px\" aria-hidden=\"true\" class=\"wp-block-spacer\"><\/div>\n\n\n\n<div class=\"wp-block-media-text is-stacked-on-mobile\" style=\"grid-template-columns:79% auto\"><figure class=\"wp-block-media-text__media\"><img decoding=\"async\" width=\"1024\" height=\"534\" src=\"https:\/\/ecolebiodanzamanosque.com\/wp-content\/uploads\/2025\/07\/20250717_175707-1024x534.jpg\" alt=\"\" class=\"wp-image-2267 size-full\" srcset=\"https:\/\/ecolebiodanzamanosque.com\/wp-content\/uploads\/2025\/07\/20250717_175707-1024x534.jpg 1024w, https:\/\/ecolebiodanzamanosque.com\/wp-content\/uploads\/2025\/07\/20250717_175707-300x156.jpg 300w, https:\/\/ecolebiodanzamanosque.com\/wp-content\/uploads\/2025\/07\/20250717_175707-768x400.jpg 768w, https:\/\/ecolebiodanzamanosque.com\/wp-content\/uploads\/2025\/07\/20250717_175707.jpg 1080w\" sizes=\"(max-width: 1024px) 100vw, 1024px\" \/><\/figure><div class=\"wp-block-media-text__content\">\n<p class=\"has-text-align-center has-small-font-size\"><em><strong><mark style=\"background-color:rgba(0, 0, 0, 0)\" class=\"has-inline-color has-pale-pink-color\">A cette occasion l&rsquo;\u00e9cole ouvre \u00e0 nouveau ses portes aux biodanseurs<\/mark><\/strong><\/em><\/p>\n\n\n\n<div class=\"wp-block-buttons is-content-justification-center is-layout-flex wp-container-core-buttons-is-layout-16018d1d wp-block-buttons-is-layout-flex\">\n<div class=\"wp-block-button is-style-outline is-style-outline--1\"><a class=\"wp-block-button__link has-black-color has-text-color has-background has-link-color has-small-font-size has-custom-font-size wp-element-button\" href=\"https:\/\/ecolebiodanzamanosque.com\/index.php\/stages-exceptionnels\/\" style=\"background-color:#9bda95d9\" target=\"_blank\" rel=\"noreferrer noopener\"><em>En savoir plus<\/em><\/a><\/div>\n<\/div>\n<\/div><\/div>\n\n\n\n<p class=\"has-text-align-center has-small-font-size\"><mark style=\"background-color:rgba(0, 0, 0, 0)\" class=\"has-inline-color has-pale-pink-color\"><em>Contacter Gis\u00e8le pour une pr\u00e9-inscription (coordonn\u00e9es ci-contre)<\/em><\/mark><\/p>\n\n\n\n<div style=\"height:77px\" aria-hidden=\"true\" class=\"wp-block-spacer\"><\/div>\n\n\n\n<div class=\"wp-block-columns is-layout-flex wp-container-core-columns-is-layout-9d6595d7 wp-block-columns-is-layout-flex\">\n<div class=\"wp-block-column is-layout-flow wp-block-column-is-layout-flow\">\n<figure class=\"wp-block-image size-full is-resized\"><img loading=\"lazy\" decoding=\"async\" width=\"512\" height=\"512\" src=\"https:\/\/ecolebiodanzamanosque.com\/wp-content\/uploads\/2023\/03\/cropped-logo-biodanza-vert2-MODIF.png\" alt=\"\" class=\"wp-image-1323\" style=\"width:250px;height:auto\" srcset=\"https:\/\/ecolebiodanzamanosque.com\/wp-content\/uploads\/2023\/03\/cropped-logo-biodanza-vert2-MODIF.png 512w, https:\/\/ecolebiodanzamanosque.com\/wp-content\/uploads\/2023\/03\/cropped-logo-biodanza-vert2-MODIF-300x300.png 300w, https:\/\/ecolebiodanzamanosque.com\/wp-content\/uploads\/2023\/03\/cropped-logo-biodanza-vert2-MODIF-150x150.png 150w, https:\/\/ecolebiodanzamanosque.com\/wp-content\/uploads\/2023\/03\/cropped-logo-biodanza-vert2-MODIF-270x270.png 270w, https:\/\/ecolebiodanzamanosque.com\/wp-content\/uploads\/2023\/03\/cropped-logo-biodanza-vert2-MODIF-192x192.png 192w, https:\/\/ecolebiodanzamanosque.com\/wp-content\/uploads\/2023\/03\/cropped-logo-biodanza-vert2-MODIF-180x180.png 180w, https:\/\/ecolebiodanzamanosque.com\/wp-content\/uploads\/2023\/03\/cropped-logo-biodanza-vert2-MODIF-32x32.png 32w\" sizes=\"(max-width: 512px) 100vw, 512px\" \/><\/figure>\n<\/div>\n\n\n\n<div class=\"wp-block-column is-layout-flow wp-block-column-is-layout-flow\">\n<div class=\"wp-block-buttons is-layout-flex wp-block-buttons-is-layout-flex\">\n<div class=\"wp-block-button has-custom-width wp-block-button__width-100 is-style-outline is-style-outline--2\"><a class=\"wp-block-button__link has-black-color has-text-color has-background has-link-color wp-element-button\" href=\"https:\/\/ecolebiodanzamanosque.com\/index.php\/agenda-du-1er-cycle-de-lecole-de-manosque\/\" style=\"background-color:#9bda95d9\" target=\"_blank\" rel=\"noreferrer noopener\">Agenda<\/a><\/div>\n<\/div>\n\n\n\n<div style=\"height:30px\" aria-hidden=\"true\" class=\"wp-block-spacer\"><\/div>\n\n\n\n<div class=\"wp-block-buttons is-content-justification-center is-layout-flex wp-container-core-buttons-is-layout-16018d1d wp-block-buttons-is-layout-flex\">\n<div class=\"wp-block-button is-style-outline is-style-outline--3\"><a class=\"wp-block-button__link has-background wp-element-button\" href=\"https:\/\/ecolebiodanzamanosque.com\/index.php\/criteres-dadmission\/\" style=\"background-color:#9bda95d9\" target=\"_blank\" rel=\"noreferrer noopener\">Crit\u00e8res d&rsquo;admission<\/a><\/div>\n<\/div>\n<\/div>\n\n\n\n<div class=\"wp-block-column is-layout-flow wp-block-column-is-layout-flow\">\n<figure class=\"wp-block-image size-large\"><img loading=\"lazy\" decoding=\"async\" width=\"1024\" height=\"1024\" src=\"https:\/\/ecolebiodanzamanosque.com\/wp-content\/uploads\/2024\/04\/1-ibfed-logo-1024x1024.png\" alt=\"\" class=\"wp-image-2153\" srcset=\"https:\/\/ecolebiodanzamanosque.com\/wp-content\/uploads\/2024\/04\/1-ibfed-logo-1024x1024.png 1024w, https:\/\/ecolebiodanzamanosque.com\/wp-content\/uploads\/2024\/04\/1-ibfed-logo-300x300.png 300w, https:\/\/ecolebiodanzamanosque.com\/wp-content\/uploads\/2024\/04\/1-ibfed-logo-150x150.png 150w, https:\/\/ecolebiodanzamanosque.com\/wp-content\/uploads\/2024\/04\/1-ibfed-logo-768x768.png 768w, https:\/\/ecolebiodanzamanosque.com\/wp-content\/uploads\/2024\/04\/1-ibfed-logo-1536x1536.png 1536w, https:\/\/ecolebiodanzamanosque.com\/wp-content\/uploads\/2024\/04\/1-ibfed-logo-2048x2048.png 2048w\" sizes=\"(max-width: 1024px) 100vw, 1024px\" \/><\/figure>\n<\/div>\n<\/div>\n\n\n\n<div class=\"wp-block-buttons is-layout-flex wp-block-buttons-is-layout-flex\">\n<div class=\"wp-block-button has-custom-width wp-block-button__width-50 is-style-outline is-style-outline--4\"><a class=\"wp-block-button__link has-background has-medium-font-size has-custom-font-size wp-element-button\" href=\"https:\/\/ecolebiodanzamanosque.com\/index.php\/programme-de-la-formation\/\" style=\"background-color:#9bda95d9\" target=\"_blank\" rel=\"noreferrer noopener\">Programme de la formation<\/a><\/div>\n\n\n\n<div class=\"wp-block-button has-custom-width wp-block-button__width-50 is-style-outline is-style-outline--5\"><a class=\"wp-block-button__link has-background wp-element-button\" href=\"https:\/\/ecolebiodanzamanosque.com\/wp-content\/uploads\/2023\/04\/Formulaire-Inscription.pdf\" style=\"background-color:#9bda95d9\" target=\"_blank\" rel=\"noreferrer noopener\">Formulaire d&rsquo;inscription<\/a><\/div>\n<\/div>\n","protected":false},"excerpt":{"rendered":"<p>Ecole de Biodanza\u00ae de Manosque Une \u00e9cole pour la formation de facilitateurs et de facilitatrices de Biodanza\u00ae afin d\u2019\u0153uvrer \u00e0 l\u2019\u00e9largissement de la communaut\u00e9 humaine dans l\u2019expression de ce qu\u2019elle a de plus lumineux. 1er CYCLE DE FORMATION EN COURS (sept 2023 &#8211; juin 2026) PROCHAINS STAGES DE FORMATION STAGE EXCEPTIONNEL D&rsquo;APPROFONDISSEMENT LE PROJET EVOLUTION Les 8,9 et 10 MAI [&hellip;]<\/p>\n","protected":false},"author":1,"featured_media":0,"parent":0,"menu_order":0,"comment_status":"closed","ping_status":"closed","template":"","meta":{"_eb_attr":"","footnotes":""},"class_list":["post-95","page","type-page","status-publish","hentry"],"yoast_head":"<!-- This site is optimized with the Yoast SEO plugin v26.6 - https:\/\/yoast.com\/wordpress\/plugins\/seo\/ -->\n<title>Ecole de Biodanza de Manosque Formation de facilitateurs<\/title>\n<meta name=\"description\" content=\"Une \u00e9cole pour la formation de facilitateurs de Biodanza et pour \u0153uvrer \u00e0 l\u2019\u00e9largissement de la communaut\u00e9 humaine dans l\u2019expression de ce qu\u2019elle a de plus lumineux.\" \/>\n<meta name=\"robots\" content=\"index, follow, max-snippet:-1, max-image-preview:large, max-video-preview:-1\" \/>\n<link rel=\"canonical\" href=\"https:\/\/ecolebiodanzamanosque.com\/\" \/>\n<meta property=\"og:locale\" content=\"fr_FR\" \/>\n<meta property=\"og:type\" content=\"article\" \/>\n<meta property=\"og:title\" content=\"Ecole de Biodanza de Manosque Formation de facilitateurs\" \/>\n<meta property=\"og:description\" content=\"Une \u00e9cole pour la formation de facilitateurs de Biodanza et pour \u0153uvrer \u00e0 l\u2019\u00e9largissement de la communaut\u00e9 humaine dans l\u2019expression de ce qu\u2019elle a de plus lumineux.\" \/>\n<meta property=\"og:url\" content=\"https:\/\/ecolebiodanzamanosque.com\/\" \/>\n<meta property=\"og:site_name\" content=\"Ecole de Biodanza de Manosque\" \/>\n<meta property=\"article:modified_time\" content=\"2026-03-18T14:51:40+00:00\" \/>\n<meta property=\"og:image\" content=\"https:\/\/ecolebiodanzamanosque.com\/wp-content\/uploads\/2026\/01\/20260112_231737.jpg\" \/>\n\t<meta property=\"og:image:width\" content=\"1080\" \/>\n\t<meta property=\"og:image:height\" content=\"715\" \/>\n\t<meta property=\"og:image:type\" content=\"image\/jpeg\" \/>\n<meta name=\"twitter:card\" content=\"summary_large_image\" \/>\n<meta name=\"twitter:label1\" content=\"Dur\u00e9e de lecture estim\u00e9e\" \/>\n\t<meta name=\"twitter:data1\" content=\"2 minutes\" \/>\n<script type=\"application\/ld+json\" class=\"yoast-schema-graph\">{\"@context\":\"https:\/\/schema.org\",\"@graph\":[{\"@type\":\"WebPage\",\"@id\":\"https:\/\/ecolebiodanzamanosque.com\/\",\"url\":\"https:\/\/ecolebiodanzamanosque.com\/\",\"name\":\"Ecole de Biodanza de Manosque Formation de facilitateurs\",\"isPartOf\":{\"@id\":\"https:\/\/ecolebiodanzamanosque.com\/#website\"},\"primaryImageOfPage\":{\"@id\":\"https:\/\/ecolebiodanzamanosque.com\/#primaryimage\"},\"image\":{\"@id\":\"https:\/\/ecolebiodanzamanosque.com\/#primaryimage\"},\"thumbnailUrl\":\"https:\/\/ecolebiodanzamanosque.com\/wp-content\/uploads\/2026\/01\/20260112_231737-1024x678.jpg\",\"datePublished\":\"2023-01-19T13:35:33+00:00\",\"dateModified\":\"2026-03-18T14:51:40+00:00\",\"description\":\"Une \u00e9cole pour la formation de facilitateurs de Biodanza et pour \u0153uvrer \u00e0 l\u2019\u00e9largissement de la communaut\u00e9 humaine dans l\u2019expression de ce qu\u2019elle a de plus lumineux.\",\"breadcrumb\":{\"@id\":\"https:\/\/ecolebiodanzamanosque.com\/#breadcrumb\"},\"inLanguage\":\"fr-FR\",\"potentialAction\":[{\"@type\":\"ReadAction\",\"target\":[\"https:\/\/ecolebiodanzamanosque.com\/\"]}]},{\"@type\":\"ImageObject\",\"inLanguage\":\"fr-FR\",\"@id\":\"https:\/\/ecolebiodanzamanosque.com\/#primaryimage\",\"url\":\"https:\/\/ecolebiodanzamanosque.com\/wp-content\/uploads\/2026\/01\/20260112_231737.jpg\",\"contentUrl\":\"https:\/\/ecolebiodanzamanosque.com\/wp-content\/uploads\/2026\/01\/20260112_231737.jpg\",\"width\":1080,\"height\":715},{\"@type\":\"BreadcrumbList\",\"@id\":\"https:\/\/ecolebiodanzamanosque.com\/#breadcrumb\",\"itemListElement\":[{\"@type\":\"ListItem\",\"position\":1,\"name\":\"Accueil\",\"item\":\"https:\/\/ecolebiodanzamanosque.com\/\"},{\"@type\":\"ListItem\",\"position\":2,\"name\":\"Accueil\"}]},{\"@type\":\"WebSite\",\"@id\":\"https:\/\/ecolebiodanzamanosque.com\/#website\",\"url\":\"https:\/\/ecolebiodanzamanosque.com\/\",\"name\":\"EcoleBiodanzaManosque\",\"description\":\"Formation de facilitateurs et de facilitatrices\",\"publisher\":{\"@id\":\"https:\/\/ecolebiodanzamanosque.com\/#organization\"},\"potentialAction\":[{\"@type\":\"SearchAction\",\"target\":{\"@type\":\"EntryPoint\",\"urlTemplate\":\"https:\/\/ecolebiodanzamanosque.com\/?s={search_term_string}\"},\"query-input\":{\"@type\":\"PropertyValueSpecification\",\"valueRequired\":true,\"valueName\":\"search_term_string\"}}],\"inLanguage\":\"fr-FR\"},{\"@type\":\"Organization\",\"@id\":\"https:\/\/ecolebiodanzamanosque.com\/#organization\",\"name\":\"EcoleBiodanzaManosque\",\"url\":\"https:\/\/ecolebiodanzamanosque.com\/\",\"logo\":{\"@type\":\"ImageObject\",\"inLanguage\":\"fr-FR\",\"@id\":\"https:\/\/ecolebiodanzamanosque.com\/#\/schema\/logo\/image\/\",\"url\":\"https:\/\/ecolebiodanzamanosque.com\/wp-content\/uploads\/2023\/03\/logo-biodanza-vert2-MODIF.png\",\"contentUrl\":\"https:\/\/ecolebiodanzamanosque.com\/wp-content\/uploads\/2023\/03\/logo-biodanza-vert2-MODIF.png\",\"width\":1110,\"height\":1106,\"caption\":\"EcoleBiodanzaManosque\"},\"image\":{\"@id\":\"https:\/\/ecolebiodanzamanosque.com\/#\/schema\/logo\/image\/\"}}]}<\/script>\n<!-- \/ Yoast SEO plugin. -->","yoast_head_json":{"title":"Ecole de Biodanza de Manosque Formation de facilitateurs","description":"Une \u00e9cole pour la formation de facilitateurs de Biodanza et pour \u0153uvrer \u00e0 l\u2019\u00e9largissement de la communaut\u00e9 humaine dans l\u2019expression de ce qu\u2019elle a de plus lumineux.","robots":{"index":"index","follow":"follow","max-snippet":"max-snippet:-1","max-image-preview":"max-image-preview:large","max-video-preview":"max-video-preview:-1"},"canonical":"https:\/\/ecolebiodanzamanosque.com\/","og_locale":"fr_FR","og_type":"article","og_title":"Ecole de Biodanza de Manosque Formation de facilitateurs","og_description":"Une \u00e9cole pour la formation de facilitateurs de Biodanza et pour \u0153uvrer \u00e0 l\u2019\u00e9largissement de la communaut\u00e9 humaine dans l\u2019expression de ce qu\u2019elle a de plus lumineux.","og_url":"https:\/\/ecolebiodanzamanosque.com\/","og_site_name":"Ecole de Biodanza de Manosque","article_modified_time":"2026-03-18T14:51:40+00:00","og_image":[{"width":1080,"height":715,"url":"https:\/\/ecolebiodanzamanosque.com\/wp-content\/uploads\/2026\/01\/20260112_231737.jpg","type":"image\/jpeg"}],"twitter_card":"summary_large_image","twitter_misc":{"Dur\u00e9e de lecture estim\u00e9e":"2 minutes"},"schema":{"@context":"https:\/\/schema.org","@graph":[{"@type":"WebPage","@id":"https:\/\/ecolebiodanzamanosque.com\/","url":"https:\/\/ecolebiodanzamanosque.com\/","name":"Ecole de Biodanza de Manosque Formation de facilitateurs","isPartOf":{"@id":"https:\/\/ecolebiodanzamanosque.com\/#website"},"primaryImageOfPage":{"@id":"https:\/\/ecolebiodanzamanosque.com\/#primaryimage"},"image":{"@id":"https:\/\/ecolebiodanzamanosque.com\/#primaryimage"},"thumbnailUrl":"https:\/\/ecolebiodanzamanosque.com\/wp-content\/uploads\/2026\/01\/20260112_231737-1024x678.jpg","datePublished":"2023-01-19T13:35:33+00:00","dateModified":"2026-03-18T14:51:40+00:00","description":"Une \u00e9cole pour la formation de facilitateurs de Biodanza et pour \u0153uvrer \u00e0 l\u2019\u00e9largissement de la communaut\u00e9 humaine dans l\u2019expression de ce qu\u2019elle a de plus lumineux.","breadcrumb":{"@id":"https:\/\/ecolebiodanzamanosque.com\/#breadcrumb"},"inLanguage":"fr-FR","potentialAction":[{"@type":"ReadAction","target":["https:\/\/ecolebiodanzamanosque.com\/"]}]},{"@type":"ImageObject","inLanguage":"fr-FR","@id":"https:\/\/ecolebiodanzamanosque.com\/#primaryimage","url":"https:\/\/ecolebiodanzamanosque.com\/wp-content\/uploads\/2026\/01\/20260112_231737.jpg","contentUrl":"https:\/\/ecolebiodanzamanosque.com\/wp-content\/uploads\/2026\/01\/20260112_231737.jpg","width":1080,"height":715},{"@type":"BreadcrumbList","@id":"https:\/\/ecolebiodanzamanosque.com\/#breadcrumb","itemListElement":[{"@type":"ListItem","position":1,"name":"Accueil","item":"https:\/\/ecolebiodanzamanosque.com\/"},{"@type":"ListItem","position":2,"name":"Accueil"}]},{"@type":"WebSite","@id":"https:\/\/ecolebiodanzamanosque.com\/#website","url":"https:\/\/ecolebiodanzamanosque.com\/","name":"EcoleBiodanzaManosque","description":"Formation de facilitateurs et de facilitatrices","publisher":{"@id":"https:\/\/ecolebiodanzamanosque.com\/#organization"},"potentialAction":[{"@type":"SearchAction","target":{"@type":"EntryPoint","urlTemplate":"https:\/\/ecolebiodanzamanosque.com\/?s={search_term_string}"},"query-input":{"@type":"PropertyValueSpecification","valueRequired":true,"valueName":"search_term_string"}}],"inLanguage":"fr-FR"},{"@type":"Organization","@id":"https:\/\/ecolebiodanzamanosque.com\/#organization","name":"EcoleBiodanzaManosque","url":"https:\/\/ecolebiodanzamanosque.com\/","logo":{"@type":"ImageObject","inLanguage":"fr-FR","@id":"https:\/\/ecolebiodanzamanosque.com\/#\/schema\/logo\/image\/","url":"https:\/\/ecolebiodanzamanosque.com\/wp-content\/uploads\/2023\/03\/logo-biodanza-vert2-MODIF.png","contentUrl":"https:\/\/ecolebiodanzamanosque.com\/wp-content\/uploads\/2023\/03\/logo-biodanza-vert2-MODIF.png","width":1110,"height":1106,"caption":"EcoleBiodanzaManosque"},"image":{"@id":"https:\/\/ecolebiodanzamanosque.com\/#\/schema\/logo\/image\/"}}]}},"_links":{"self":[{"href":"https:\/\/ecolebiodanzamanosque.com\/index.php\/wp-json\/wp\/v2\/pages\/95","targetHints":{"allow":["GET"]}}],"collection":[{"href":"https:\/\/ecolebiodanzamanosque.com\/index.php\/wp-json\/wp\/v2\/pages"}],"about":[{"href":"https:\/\/ecolebiodanzamanosque.com\/index.php\/wp-json\/wp\/v2\/types\/page"}],"author":[{"embeddable":true,"href":"https:\/\/ecolebiodanzamanosque.com\/index.php\/wp-json\/wp\/v2\/users\/1"}],"replies":[{"embeddable":true,"href":"https:\/\/ecolebiodanzamanosque.com\/index.php\/wp-json\/wp\/v2\/comments?post=95"}],"version-history":[{"count":252,"href":"https:\/\/ecolebiodanzamanosque.com\/index.php\/wp-json\/wp\/v2\/pages\/95\/revisions"}],"predecessor-version":[{"id":2473,"href":"https:\/\/ecolebiodanzamanosque.com\/index.php\/wp-json\/wp\/v2\/pages\/95\/revisions\/2473"}],"wp:attachment":[{"href":"https:\/\/ecolebiodanzamanosque.com\/index.php\/wp-json\/wp\/v2\/media?parent=95"}],"curies":[{"name":"wp","href":"https:\/\/api.w.org\/{rel}","templated":true}]}}